{"id":32778,"date":"2025-11-05T08:43:42","date_gmt":"2025-11-05T08:43:42","guid":{"rendered":"https:\/\/lesaffre.com.vn\/trends\/"},"modified":"2026-03-20T02:08:32","modified_gmt":"2026-03-20T02:08:32","slug":"trends","status":"publish","type":"page","link":"https:\/\/lesaffre.com.vn\/vi\/trends\/","title":{"rendered":"Xu h\u01b0\u1edbng"},"content":{"rendered":"\t\t<div data-elementor-type=\"wp-page\" data-elementor-id=\"32778\" class=\"elementor elementor-32778 elementor-32533\" data-elementor-post-type=\"page\">\n\t\t\t\t<div class=\"has_ae_slider elementor-element elementor-element-c6a46f0 e-flex e-con-boxed ae-bg-gallery-type-default e-con e-parent\" data-id=\"c6a46f0\" data-element_type=\"container\" data-e-type=\"container\" data-settings=\"{&quot;background_background&quot;:&quot;classic&quot;}\">\n\t\t\t\t\t<div class=\"e-con-inner\">\n\t\t\t\t<div class=\"elementor-element elementor-element-f3129ac elementor-widget elementor-widget-heading\" data-id=\"f3129ac\" data-element_type=\"widget\" data-e-type=\"widget\" data-widget_type=\"heading.default\">\n\t\t\t\t<div class=\"elementor-widget-container\">\n\t\t\t\t\t<p class=\"elementor-heading-title elementor-size-default\">Xu h\u01b0\u1edbng<\/p>\t\t\t\t<\/div>\n\t\t\t\t<\/div>\n\t\t\t\t<div class=\"elementor-element elementor-element-0765674 elementor-widget elementor-widget-heading\" data-id=\"0765674\" data-element_type=\"widget\" data-e-type=\"widget\" data-widget_type=\"heading.default\">\n\t\t\t\t<div class=\"elementor-widget-container\">\n\t\t\t\t\t<p class=\"elementor-heading-title elementor-size-default\"><a href=\"#explore-more\">Kh\u00e1m ph\u00e1 th\u00eam<\/a><\/p>\t\t\t\t<\/div>\n\t\t\t\t<\/div>\n\t\t\t\t\t<\/div>\n\t\t\t\t<\/div>\n\t\t<div class=\"has_ae_slider elementor-element elementor-element-4cf992f e-flex e-con-boxed ae-bg-gallery-type-default e-con e-parent\" data-id=\"4cf992f\" data-element_type=\"container\" data-e-type=\"container\" id=\"explore-more\">\n\t\t\t\t\t<div class=\"e-con-inner\">\n\t\t\t\t<div class=\"elementor-element elementor-element-cb02c56 elementor-widget elementor-widget-image\" data-id=\"cb02c56\" data-element_type=\"widget\" data-e-type=\"widget\" data-widget_type=\"image.default\">\n\t\t\t\t<div class=\"elementor-widget-container\">\n\t\t\t\t\t\t\t\t\t\t\t\t\t\t\t<img decoding=\"async\" width=\"2\" height=\"140\" src=\"https:\/\/lesaffre.com.vn\/wp-content\/uploads\/2024\/12\/img-dot-line.png\" class=\"attachment-large size-large wp-image-32744\" alt=\"\" \/>\t\t\t\t\t\t\t\t\t\t\t\t\t\t\t<\/div>\n\t\t\t\t<\/div>\n\t\t<div class=\"has_ae_slider elementor-element elementor-element-f02fdee e-con-full e-flex ae-bg-gallery-type-default e-con e-child\" data-id=\"f02fdee\" data-element_type=\"container\" data-e-type=\"container\">\n\t\t<div class=\"has_ae_slider elementor-element elementor-element-f9ba038 e-con-full e-flex ae-bg-gallery-type-default e-con e-child\" data-id=\"f9ba038\" data-element_type=\"container\" data-e-type=\"container\">\n\t\t\t\t<div class=\"elementor-element elementor-element-d942296 elementor-widget elementor-widget-heading\" data-id=\"d942296\" data-element_type=\"widget\" data-e-type=\"widget\" data-widget_type=\"heading.default\">\n\t\t\t\t<div class=\"elementor-widget-container\">\n\t\t\t\t\t<h2 class=\"elementor-heading-title elementor-size-default\">Th\u00fac \u0111\u1ea9y \u0111\u1ed5i m\u1edbi th\u00f4ng qua h\u1ee3p t\u00e1c<\/h2>\t\t\t\t<\/div>\n\t\t\t\t<\/div>\n\t\t\t\t<div class=\"elementor-element elementor-element-d55938a elementor-widget__width-inherit elementor-widget elementor-widget-text-editor\" data-id=\"d55938a\" data-element_type=\"widget\" data-e-type=\"widget\" data-widget_type=\"text-editor.default\">\n\t\t\t\t<div class=\"elementor-widget-container\">\n\t\t\t\t\t\t\t\t\t<p>S\u1ef1 ti\u1ebfn b\u1ed9 c\u00f4ng ngh\u1ec7 trong ng\u00e0nh b\u00e1nh v\u00e0 s\u1ef1 thay \u0111\u1ed5i li\u00ean t\u1ee5c kh\u1ea9u v\u1ecb c\u1ee7a ng\u01b0\u1eddi ti\u00eau d\u00f9ng th\u00e1ch th\u1ee9c ph\u01b0\u01a1ng ph\u00e1p l\u00e0m b\u00e1nh c\u1ee7a ng\u01b0\u1eddi l\u00e0m b\u00e1nh.<\/p><p>\u00a0<\/p><p>L\u00e0m vi\u1ec7c v\u1edbi c\u00e1c th\u1ee3 b\u00e1nh, nh\u00e0 \u0111i\u1ec1u ch\u1ebf c\u00f4ng th\u1ee9c, nh\u00e0 nghi\u00ean c\u1ee9u, Lesaffre li\u00ean t\u1ee5c \u0111\u1ed5i m\u1edbi b\u1eb1ng c\u00e1ch \u0111i tr\u01b0\u1edbc xu h\u01b0\u1edbng th\u1ecb tr\u01b0\u1eddng to\u00e0n c\u1ea7u v\u00e0 cung c\u1ea5p cho c\u00e1c th\u1ee3 b\u00e1nh nh\u1eefng nguy\u00ean li\u1ec7u v\u00e0 b\u00ed quy\u1ebft gi\u00fap h\u1ecd \u0111\u01b0a c\u00e1c s\u1ea3n ph\u1ea9m b\u00e1nh n\u01b0\u1edbng c\u1ee7a m\u00ecnh v\u00e0o cu\u1ed9c s\u1ed1ng.<\/p>\t\t\t\t\t\t\t\t<\/div>\n\t\t\t\t<\/div>\n\t\t\t\t<\/div>\n\t\t\t\t<\/div>\n\t\t\t\t\t<\/div>\n\t\t\t\t<\/div>\n\t\t<div class=\"has_ae_slider elementor-element elementor-element-a88606a e-grid e-con-full ae-bg-gallery-type-default e-con e-parent\" data-id=\"a88606a\" data-element_type=\"container\" data-e-type=\"container\" id=\"free-form\">\n\t\t<div class=\"has_ae_slider elementor-element elementor-element-83b56ac e-con-full e-flex ae-bg-gallery-type-default e-con e-child\" data-id=\"83b56ac\" data-element_type=\"container\" data-e-type=\"container\">\n\t\t\t\t<div class=\"elementor-element elementor-element-b6e0679 elementor-widget elementor-widget-heading\" data-id=\"b6e0679\" data-element_type=\"widget\" data-e-type=\"widget\" data-widget_type=\"heading.default\">\n\t\t\t\t<div class=\"elementor-widget-container\">\n\t\t\t\t\t<h2 class=\"elementor-heading-title elementor-size-default\">H\u00ecnh th\u1ee9c t\u1ef1 do<\/h2>\t\t\t\t<\/div>\n\t\t\t\t<\/div>\n\t\t\t\t<div class=\"elementor-element elementor-element-a83017c elementor-widget__width-initial elementor-widget elementor-widget-text-editor\" data-id=\"a83017c\" data-element_type=\"widget\" data-e-type=\"widget\" data-widget_type=\"text-editor.default\">\n\t\t\t\t<div class=\"elementor-widget-container\">\n\t\t\t\t\t\t\t\t\t<p>V\u1ec1 th\u00e0nh ph\u1ea7n, \u00edt h\u01a1n trong nhi\u1ec1u h\u01a1n. Ng\u00e0y nay, ng\u01b0\u1eddi ti\u00eau d\u00f9ng \u0111ang t\u00ecm ki\u1ebfm c\u00e1c th\u00e0nh ph\u1ea7n c\u00f3 t\u00ean m\u00e0 h\u1ecd nh\u1eadn bi\u1ebft. Kho\u1ea3ng m\u1ed9t trong b\u1ed1n s\u1ea3n ph\u1ea9m m\u1edbi ra m\u1eaft tr\u00ean kh\u1eafp Ch\u00e2u \u00c1 Th\u00e1i B\u00ecnh D\u01b0\u01a1ng ng\u00e0y nay \u0111\u01b0\u1ee3c m\u00f4 t\u1ea3 l\u00e0 s\u1ea3n ph\u1ea9m s\u1ea1ch. Trong m\u00f4i tr\u01b0\u1eddng m\u00e0 s\u1ef1 minh b\u1ea1ch ng\u00e0y c\u00e0ng quan tr\u1ecdng h\u01a1n, c\u00e1c th\u1ee3 l\u00e0m b\u00e1nh c\u00f4ng nghi\u1ec7p c\u1ea7n ph\u1ea3i nh\u1ea1y b\u00e9n. Nh\u00e3n hi\u1ec7u \u0111\u01a1n gi\u1ea3n h\u01a1n v\u1edbi c\u00e1c th\u00e0nh ph\u1ea7n m\u00e0 ng\u01b0\u1eddi ti\u00eau d\u00f9ng nh\u1eadn bi\u1ebft \u0111ang tr\u1edf th\u00e0nh nhu c\u1ea7u.<\/p>\t\t\t\t\t\t\t\t<\/div>\n\t\t\t\t<\/div>\n\t\t\t\t<div class=\"elementor-element elementor-element-96fcdf1 elementor-widget__width-initial elementor-widget elementor-widget-text-editor\" data-id=\"96fcdf1\" data-element_type=\"widget\" data-e-type=\"widget\" data-widget_type=\"text-editor.default\">\n\t\t\t\t<div class=\"elementor-widget-container\">\n\t\t\t\t\t\t\t\t\t<p>C\u00e1c nh\u00e0 b\u00e1n l\u1ebb \u0111ang y\u00eau c\u1ea7u b\u00e1nh m\u00ec s\u1ea1ch, v\u1edbi m\u00e0u s\u1eafc t\u1ef1 nhi\u00ean, kh\u00f4ng c\u00f3 ph\u1ee5 gia ho\u1eb7c ch\u1ea5t b\u1ea3o qu\u1ea3n. Th\u00f4ng tin v\u1ec1 ngu\u1ed3n g\u1ed1c v\u00e0 t\u00ednh \u1ed5n \u0111\u1ecbnh c\u0169ng \u0111\u01b0\u1ee3c ng\u01b0\u1eddi ti\u00eau d\u00f9ng y\u00eau c\u1ea7u khi h\u1ecd t\u00ecm ki\u1ebfm c\u00e1c s\u1ea3n ph\u1ea9m th\u1eadt v\u00e0 nguy\u00ean ch\u1ea5t.<\/p><p>\u00a0<\/p><p>T\u00ecm hi\u1ec3u v\u1edbi Lesaffre v\u1ec1 c\u00e1c gi\u1ea3i ph\u00e1p kh\u00f4ng ph\u1ee5 gia c\u1ee7a ch\u00fang t\u00f4i.<\/p>\t\t\t\t\t\t\t\t<\/div>\n\t\t\t\t<\/div>\n\t\t<div class=\"has_ae_slider elementor-element elementor-element-70a1e29 e-con-full e-grid ae-bg-gallery-type-default e-con e-child\" data-id=\"70a1e29\" data-element_type=\"container\" data-e-type=\"container\">\n\t\t\t\t<div class=\"elementor-element elementor-element-d374c86 elementor-position-top elementor-widget elementor-widget-image-box\" data-id=\"d374c86\" data-element_type=\"widget\" data-e-type=\"widget\" data-widget_type=\"image-box.default\">\n\t\t\t\t<div class=\"elementor-widget-container\">\n\t\t\t\t\t<div class=\"elementor-image-box-wrapper\"><figure class=\"elementor-image-box-img\"><img decoding=\"async\" width=\"70\" height=\"71\" src=\"https:\/\/lesaffre.com.vn\/wp-content\/uploads\/2025\/11\/icon-trends-simpler.png\" class=\"attachment-full size-full wp-image-32841\" alt=\"\" \/><\/figure><div class=\"elementor-image-box-content\"><span class=\"elementor-image-box-title\"><span class=\"extra-bold-text\">TH\u00c0NH PH\u1ea6N \u0110\u01a0N GI\u1ea2N, MINH B\u1ea0CH<\/span><\/span><\/div><\/div>\t\t\t\t<\/div>\n\t\t\t\t<\/div>\n\t\t\t\t<div class=\"elementor-element elementor-element-46c09bc elementor-position-top elementor-widget elementor-widget-image-box\" data-id=\"46c09bc\" data-element_type=\"widget\" data-e-type=\"widget\" data-widget_type=\"image-box.default\">\n\t\t\t\t<div class=\"elementor-widget-container\">\n\t\t\t\t\t<div class=\"elementor-image-box-wrapper\"><figure class=\"elementor-image-box-img\"><img decoding=\"async\" width=\"74\" height=\"74\" src=\"https:\/\/lesaffre.com.vn\/wp-content\/uploads\/2025\/11\/icon-trends-meeting-market.png\" class=\"attachment-full size-full wp-image-32840\" alt=\"\" \/><\/figure><div class=\"elementor-image-box-content\"><span class=\"elementor-image-box-title\"><span class=\"extra-bold-text\">\u0110\u00c1P \u1ee8NG NHU C\u1ea6U C\u1ee6A TH\u1eca TR\u01af\u1edcNG &amp; NH\u00c0 B\u00c1N L\u1eba<\/span><\/span><\/div><\/div>\t\t\t\t<\/div>\n\t\t\t\t<\/div>\n\t\t\t\t<\/div>\n\t\t\t\t<\/div>\n\t\t<div class=\"has_ae_slider elementor-element elementor-element-4990870 e-con-full e-flex ae-bg-gallery-type-default e-con e-child\" data-id=\"4990870\" data-element_type=\"container\" data-e-type=\"container\" data-settings=\"{&quot;background_background&quot;:&quot;classic&quot;}\">\n\t\t\t\t<\/div>\n\t\t\t\t<\/div>\n\t\t<div class=\"has_ae_slider elementor-element elementor-element-7abfd78 e-grid e-con-full ae-bg-gallery-type-default e-con e-parent\" data-id=\"7abfd78\" data-element_type=\"container\" data-e-type=\"container\" id=\"artisanal\">\n\t\t<div class=\"has_ae_slider elementor-element elementor-element-be81c6e e-con-full e-flex ae-bg-gallery-type-default e-con e-child\" data-id=\"be81c6e\" data-element_type=\"container\" data-e-type=\"container\" data-settings=\"{&quot;background_background&quot;:&quot;classic&quot;}\">\n\t\t\t\t<\/div>\n\t\t<div class=\"has_ae_slider elementor-element elementor-element-bb506cf e-con-full e-flex ae-bg-gallery-type-default e-con e-child\" data-id=\"bb506cf\" data-element_type=\"container\" data-e-type=\"container\">\n\t\t\t\t<div class=\"elementor-element elementor-element-5b6d7d5 elementor-widget elementor-widget-heading\" data-id=\"5b6d7d5\" data-element_type=\"widget\" data-e-type=\"widget\" data-widget_type=\"heading.default\">\n\t\t\t\t<div class=\"elementor-widget-container\">\n\t\t\t\t\t<h2 class=\"elementor-heading-title elementor-size-default\">Ngh\u1ec7 nh\u00e2n<\/h2>\t\t\t\t<\/div>\n\t\t\t\t<\/div>\n\t\t\t\t<div class=\"elementor-element elementor-element-529fa88 elementor-widget__width-initial elementor-widget elementor-widget-text-editor\" data-id=\"529fa88\" data-element_type=\"widget\" data-e-type=\"widget\" data-widget_type=\"text-editor.default\">\n\t\t\t\t<div class=\"elementor-widget-container\">\n\t\t\t\t\t\t\t\t\t<p>T\u01b0\u01a1ng ph\u1ea3n v\u1edbi t\u1ed1c \u0111\u1ed9 v\u00e0 s\u1ea3n xu\u1ea5t h\u00e0ng lo\u1ea1t c\u1ee7a cu\u1ed9c s\u1ed1ng hi\u1ec7n \u0111\u1ea1i l\u00e0 s\u1ee9c h\u1ea5p d\u1eabn c\u1ee7a s\u1ef1 th\u00f4ng th\u1ea3 v\u00e0 b\u00ecnh d\u1ecb. C\u00e1c ti\u1ec7m b\u00e1nh th\u1ee7 c\u00f4ng \u0111\u00f3ng g\u00f3p g\u1ea7n m\u1ed9t n\u1eeda t\u1ed5ng gi\u00e1 tr\u1ecb th\u1ecb tr\u01b0\u1eddng b\u00e1nh m\u00ec c\u1ee7a Vi\u1ec7t Nam, ph\u1ee5c v\u1ee5 cho c\u1ed9ng \u0111\u1ed3ng t\u1ea7ng l\u1edbp trung l\u01b0u \u0111ang m\u1edf r\u1ed9ng.<\/p><p>\u00a0<\/p><p>V\u1edbi c\u00e1c th\u00e0nh ph\u1ea7n s\u00e1ng t\u1ea1o v\u00e0 pha tr\u1ed9n ph\u00f9 h\u1ee3p v\u1edbi b\u00e1nh m\u00ec truy\u1ec1n th\u1ed1ng, c\u00e1c d\u00f2ng b\u00e1nh ng\u1ecdt \u0111\u1eb7c bi\u1ec7t v\u00e0 b\u00e1nh m\u00ec dinh d\u01b0\u1ee1ng, Lesaffre c\u00f3 th\u1ec3 gi\u00fap b\u1ea1n t\u1ea1o ra nh\u1eefng chi\u1ebfc b\u00e1nh m\u00ec th\u1ee7 c\u00f4ng ti\u1ebft ki\u1ec7m th\u1eddi gian, \u0111\u1ed3ng th\u1eddi \u0111\u1ea1t \u0111\u01b0\u1ee3c hi\u1ec7u qu\u1ea3 chi ph\u00ed.<\/p>\t\t\t\t\t\t\t\t<\/div>\n\t\t\t\t<\/div>\n\t\t<div class=\"has_ae_slider elementor-element elementor-element-ec1c9eb e-con-full e-grid ae-bg-gallery-type-default e-con e-child\" data-id=\"ec1c9eb\" data-element_type=\"container\" data-e-type=\"container\">\n\t\t\t\t<div class=\"elementor-element elementor-element-5573d0b elementor-position-top elementor-widget elementor-widget-image-box\" data-id=\"5573d0b\" data-element_type=\"widget\" data-e-type=\"widget\" data-widget_type=\"image-box.default\">\n\t\t\t\t<div class=\"elementor-widget-container\">\n\t\t\t\t\t<div class=\"elementor-image-box-wrapper\"><figure class=\"elementor-image-box-img\"><img loading=\"lazy\" decoding=\"async\" width=\"74\" height=\"74\" src=\"https:\/\/lesaffre.com.vn\/wp-content\/uploads\/2025\/11\/icon-trends-supporting-vietnam.png\" class=\"attachment-full size-full wp-image-32839\" alt=\"\" \/><\/figure><div class=\"elementor-image-box-content\"><span class=\"elementor-image-box-title\"><span class=\"extra-bold-text\">H\u1ed6 TR\u1ee2 S\u1ef0 PH\u00c1T TRI\u1ec2N C\u1ee6A NGH\u1ec0 TH\u1ee6 C\u00d4NG VI\u1ec6T NAM<\/span><\/span><\/div><\/div>\t\t\t\t<\/div>\n\t\t\t\t<\/div>\n\t\t\t\t<div class=\"elementor-element elementor-element-cb60d36 elementor-position-top elementor-widget elementor-widget-image-box\" data-id=\"cb60d36\" data-element_type=\"widget\" data-e-type=\"widget\" data-widget_type=\"image-box.default\">\n\t\t\t\t<div class=\"elementor-widget-container\">\n\t\t\t\t\t<div class=\"elementor-image-box-wrapper\"><figure class=\"elementor-image-box-img\"><img loading=\"lazy\" decoding=\"async\" width=\"75\" height=\"74\" src=\"https:\/\/lesaffre.com.vn\/wp-content\/uploads\/2024\/12\/icon-factories.png\" class=\"attachment-full size-full wp-image-32927\" alt=\"\" \/><\/figure><div class=\"elementor-image-box-content\"><span class=\"elementor-image-box-title\"><span class=\"extra-bold-text\">TRUY\u1ec0N TH\u1ed0NG K\u1ebeT H\u1ee2P C\u00d4NG NGH\u1ec6<\/span><\/span><\/div><\/div>\t\t\t\t<\/div>\n\t\t\t\t<\/div>\n\t\t\t\t<\/div>\n\t\t\t\t<\/div>\n\t\t\t\t<\/div>\n\t\t<div class=\"has_ae_slider elementor-element elementor-element-737a58d e-grid e-con-full ae-bg-gallery-type-default e-con e-parent\" data-id=\"737a58d\" data-element_type=\"container\" data-e-type=\"container\" id=\"frozen-dough\">\n\t\t<div class=\"has_ae_slider elementor-element elementor-element-60feed1 e-con-full e-flex ae-bg-gallery-type-default e-con e-child\" data-id=\"60feed1\" data-element_type=\"container\" data-e-type=\"container\">\n\t\t\t\t<div class=\"elementor-element elementor-element-bf1904a elementor-widget elementor-widget-heading\" data-id=\"bf1904a\" data-element_type=\"widget\" data-e-type=\"widget\" data-widget_type=\"heading.default\">\n\t\t\t\t<div class=\"elementor-widget-container\">\n\t\t\t\t\t<h2 class=\"elementor-heading-title elementor-size-default\">B\u1ed9t \u0111\u00f4ng l\u1ea1nh<\/h2>\t\t\t\t<\/div>\n\t\t\t\t<\/div>\n\t\t\t\t<div class=\"elementor-element elementor-element-3fb4341 elementor-widget__width-initial elementor-widget elementor-widget-text-editor\" data-id=\"3fb4341\" data-element_type=\"widget\" data-e-type=\"widget\" data-widget_type=\"text-editor.default\">\n\t\t\t\t<div class=\"elementor-widget-container\">\n\t\t\t\t\t\t\t\t\t<p>Vi\u1ec7t Nam r\u1ed9ng l\u1edbn v\u00e0 nhu c\u1ea7u v\u1eadn chuy\u1ec3n c\u00e1c m\u00f3n n\u01b0\u1edbng t\u01b0\u01a1i tr\u00ean c\u1ea3 n\u01b0\u1edbc \u0111\u1eb7t ra nhi\u1ec1u th\u00e1ch th\u1ee9c v\u1ec1 m\u1eb7t h\u00e0ng n\u01b0\u1edbng, th\u1eddi h\u1ea1n s\u1eed d\u1ee5ng, h\u1eadu c\u1ea7n v\u00e0 ki\u1ec3m so\u00e1t chi ph\u00ed. C\u00e1c th\u1ee3 b\u00e1nh c\u00f4ng nghi\u1ec7p \u0111ang t\u00ecm ki\u1ebfm c\u00e1c gi\u1ea3i ph\u00e1p b\u1ed9t \u0111\u00f4ng l\u1ea1nh \u0111\u1ec3 gi\u1ea3i quy\u1ebft c\u00e1c v\u1ea5n \u0111\u1ec1 n\u00e0y, c\u00e1c \u0111\u1ecba \u0111i\u1ec3m ti\u00eau th\u1ee5 nh\u01b0 nh\u00e0 h\u00e0ng, kh\u00e1ch s\u1ea1n v\u00e0 qu\u00e1n c\u00e0 ph\u00ea n\u01a1i kh\u00f4ng c\u00f3 c\u01a1 s\u1edf l\u00e0m b\u00e1nh ho\u1eb7c chuy\u00ean m\u00f4n c\u0169ng \u0111\u01b0\u1ee3c h\u01b0\u1edfng l\u1ee3i t\u1eeb gi\u1ea3i ph\u00e1p n\u00e0y.<\/p><p>\u00a0<\/p><p>Lesaffre \u0111\u00e3 v\u00e0 \u0111ang l\u00e0m vi\u1ec7c c\u00f9ng v\u1edbi c\u00e1c th\u1ee3 b\u00e1nh c\u00f4ng nghi\u1ec7p \u0111\u1ec3 ti\u1ebfp t\u1ee5c c\u1ea3i ti\u1ebfn v\u00e0 \u0111\u1ed5i m\u1edbi k\u1ef9 thu\u1eadt b\u1ed9t \u0111\u00f4ng l\u1ea1nh nh\u1eb1m duy tr\u00ec \u0111\u1ed9 t\u01b0\u01a1i c\u1ee7a s\u1ea3n ph\u1ea9m v\u00e0 mang \u0111\u1ebfn s\u1ef1 \u0111a d\u1ea1ng cho ng\u01b0\u1eddi ti\u00eau d\u00f9ng.<\/p>\t\t\t\t\t\t\t\t<\/div>\n\t\t\t\t<\/div>\n\t\t<div class=\"has_ae_slider elementor-element elementor-element-c99b158 e-con-full e-grid ae-bg-gallery-type-default e-con e-child\" data-id=\"c99b158\" data-element_type=\"container\" data-e-type=\"container\">\n\t\t\t\t<div class=\"elementor-element elementor-element-b10f349 elementor-widget__width-initial elementor-widget-tablet__width-inherit elementor-position-top elementor-widget elementor-widget-image-box\" data-id=\"b10f349\" data-element_type=\"widget\" data-e-type=\"widget\" data-widget_type=\"image-box.default\">\n\t\t\t\t<div class=\"elementor-widget-container\">\n\t\t\t\t\t<div class=\"elementor-image-box-wrapper\"><figure class=\"elementor-image-box-img\"><img loading=\"lazy\" decoding=\"async\" width=\"70\" height=\"70\" src=\"https:\/\/lesaffre.com.vn\/wp-content\/uploads\/2025\/11\/icon-trends-overcoming-logistical.png\" class=\"attachment-full size-full wp-image-32838\" alt=\"\" \/><\/figure><div class=\"elementor-image-box-content\"><span class=\"elementor-image-box-title\"><span class=\"extra-bold-text\">V\u01af\u1ee2T QUA TH\u00c1CH TH\u1ee8C LOGISTICS<\/span><\/span><\/div><\/div>\t\t\t\t<\/div>\n\t\t\t\t<\/div>\n\t\t\t\t<div class=\"elementor-element elementor-element-390b1e8 elementor-position-top elementor-widget elementor-widget-image-box\" data-id=\"390b1e8\" data-element_type=\"widget\" data-e-type=\"widget\" data-widget_type=\"image-box.default\">\n\t\t\t\t<div class=\"elementor-widget-container\">\n\t\t\t\t\t<div class=\"elementor-image-box-wrapper\"><figure class=\"elementor-image-box-img\"><img loading=\"lazy\" decoding=\"async\" width=\"70\" height=\"71\" src=\"https:\/\/lesaffre.com.vn\/wp-content\/uploads\/2024\/12\/icon-sensory-expertise.svg\" class=\"attachment-full size-full wp-image-32825\" alt=\"\" \/><\/figure><div class=\"elementor-image-box-content\"><span class=\"elementor-image-box-title\"><span class=\"extra-bold-text\">S\u1ef0 \u0110\u1ed2NG NH\u1ea4T V\u00c0 T\u01af\u01a0I M\u1edaI, \u1ede M\u1eccI N\u01a0I<\/span><\/span><\/div><\/div>\t\t\t\t<\/div>\n\t\t\t\t<\/div>\n\t\t\t\t<\/div>\n\t\t\t\t<\/div>\n\t\t<div class=\"has_ae_slider elementor-element elementor-element-1e956d2 e-con-full e-flex ae-bg-gallery-type-default e-con e-child\" data-id=\"1e956d2\" data-element_type=\"container\" data-e-type=\"container\" data-settings=\"{&quot;background_background&quot;:&quot;classic&quot;}\">\n\t\t\t\t<\/div>\n\t\t\t\t<\/div>\n\t\t<div class=\"has_ae_slider elementor-element elementor-element-aa4f667 e-flex e-con-boxed ae-bg-gallery-type-default e-con e-parent\" data-id=\"aa4f667\" data-element_type=\"container\" data-e-type=\"container\">\n\t\t\t\t\t<div class=\"e-con-inner\">\n\t\t\t\t<div class=\"elementor-element elementor-element-a368fc3 elementor-widget elementor-widget-template\" data-id=\"a368fc3\" data-element_type=\"widget\" data-e-type=\"widget\" data-widget_type=\"template.default\">\n\t\t\t\t<div class=\"elementor-widget-container\">\n\t\t\t\t\t\t\t<div class=\"elementor-template\">\n\t\t\t\t\t<div data-elementor-type=\"container\" data-elementor-id=\"33004\" class=\"elementor elementor-33004 elementor-711 elementor-711\" data-elementor-post-type=\"elementor_library\">\n\t\t\t\t<div class=\"has_ae_slider elementor-element elementor-element-747397ce e-flex e-con-boxed ae-bg-gallery-type-default e-con e-parent\" data-id=\"747397ce\" data-element_type=\"container\" data-e-type=\"container\">\n\t\t\t\t\t<div class=\"e-con-inner\">\n\t\t<div class=\"has_ae_slider elementor-element elementor-element-4327d6e e-con-full e-flex ae-bg-gallery-type-default e-con e-child\" data-id=\"4327d6e\" data-element_type=\"container\" data-e-type=\"container\">\n\t\t\t\t<div class=\"elementor-element elementor-element-2cc323a elementor-widget elementor-widget-heading\" data-id=\"2cc323a\" data-element_type=\"widget\" data-e-type=\"widget\" data-widget_type=\"heading.default\">\n\t\t\t\t<div class=\"elementor-widget-container\">\n\t\t\t\t\t<h2 class=\"elementor-heading-title elementor-size-default\">H\u00e3y b\u1eaft \u0111\u1ea7u m\u1ed9t cu\u1ed9c tr\u00f2 chuy\u1ec7n<\/h2>\t\t\t\t<\/div>\n\t\t\t\t<\/div>\n\t\t\t\t<div class=\"elementor-element elementor-element-d77ae8f elementor-widget__width-initial elementor-widget-mobile__width-inherit elementor-widget elementor-widget-text-editor\" data-id=\"d77ae8f\" data-element_type=\"widget\" data-e-type=\"widget\" data-widget_type=\"text-editor.default\">\n\t\t\t\t<div class=\"elementor-widget-container\">\n\t\t\t\t\t\t\t\t\tM\u1ecdi vi\u1ec7c l\u1edbn \u0111\u1ec1u b\u1eaft \u0111\u1ea7u t\u1eeb nh\u1eefng kh\u1edfi \u0111\u1ea7u nh\u1ecf. Ch\u00fang t\u00f4i r\u1ea5t mu\u1ed1n c\u00f3 c\u01a1 h\u1ed9i t\u00ecm hi\u1ec3u th\u00eam v\u1ec1 b\u1ea1n v\u00e0 doanh nghi\u1ec7p c\u1ee7a b\u1ea1n c\u0169ng nh\u01b0 chia s\u1ebb m\u1ed9t ch\u00fat v\u1ec1 ch\u00fang t\u00f4i.\t\t\t\t\t\t\t\t<\/div>\n\t\t\t\t<\/div>\n\t\t\t\t<\/div>\n\t\t\t\t<div class=\"elementor-element elementor-element-f2a18fc elementor-widget elementor-widget-heading\" data-id=\"f2a18fc\" data-element_type=\"widget\" data-e-type=\"widget\" data-widget_type=\"heading.default\">\n\t\t\t\t<div class=\"elementor-widget-container\">\n\t\t\t\t\t<p class=\"elementor-heading-title elementor-size-default\"><a href=\"https:\/\/lesaffre.com.vn\/en\/contact-us\/\">Li\u00ean h\u1ec7 v\u1edbi ch\u00fang t\u00f4i  \u2192<\/a><\/p>\t\t\t\t<\/div>\n\t\t\t\t<\/div>\n\t\t\t\t<div class=\"elementor-element elementor-element-795772eb elementor-widget elementor-widget-image\" data-id=\"795772eb\" data-element_type=\"widget\" data-e-type=\"widget\" data-widget_type=\"image.default\">\n\t\t\t\t<div class=\"elementor-widget-container\">\n\t\t\t\t\t\t\t\t\t\t\t\t\t\t\t<img loading=\"lazy\" decoding=\"async\" width=\"800\" height=\"250\" src=\"https:\/\/lesaffre.com.vn\/wp-content\/uploads\/2024\/12\/img-cta-banner-new-1024x320.png\" class=\"attachment-large size-large wp-image-33005\" alt=\"\" srcset=\"https:\/\/lesaffre.com.vn\/wp-content\/uploads\/2024\/12\/img-cta-banner-new-1024x320.png 1024w, https:\/\/lesaffre.com.vn\/wp-content\/uploads\/2024\/12\/img-cta-banner-new-300x94.png 300w, https:\/\/lesaffre.com.vn\/wp-content\/uploads\/2024\/12\/img-cta-banner-new-768x240.png 768w, https:\/\/lesaffre.com.vn\/wp-content\/uploads\/2024\/12\/img-cta-banner-new-1536x480.png 1536w, https:\/\/lesaffre.com.vn\/wp-content\/uploads\/2024\/12\/img-cta-banner-new-2048x640.png 2048w\" sizes=\"(max-width: 800px) 100vw, 800px\" \/>\t\t\t\t\t\t\t\t\t\t\t\t\t\t\t<\/div>\n\t\t\t\t<\/div>\n\t\t\t\t\t<\/div>\n\t\t\t\t<\/div>\n\t\t\t\t<\/div>\n\t\t\t\t<\/div>\n\t\t\t\t\t\t<\/div>\n\t\t\t\t<\/div>\n\t\t\t\t\t<\/div>\n\t\t\t\t<\/div>\n\t\t\t\t<\/div>\n\t\t","protected":false},"excerpt":{"rendered":"<p>Xu h\u01b0\u1edbng Kh\u00e1m ph\u00e1 th\u00eam Th\u00fac \u0111\u1ea9y \u0111\u1ed5i m\u1edbi th\u00f4ng qua h\u1ee3p t\u00e1c S\u1ef1 ti\u1ebfn b\u1ed9 c\u00f4ng ngh\u1ec7 trong ng\u00e0nh b\u00e1nh v\u00e0 s\u1ef1 thay \u0111\u1ed5i li\u00ean t\u1ee5c kh\u1ea9u v\u1ecb c\u1ee7a ng\u01b0\u1eddi ti\u00eau d\u00f9ng th\u00e1ch th\u1ee9c ph\u01b0\u01a1ng ph\u00e1p l\u00e0m b\u00e1nh c\u1ee7a ng\u01b0\u1eddi l\u00e0m b\u00e1nh. \u00a0 L\u00e0m vi\u1ec7c v\u1edbi c\u00e1c th\u1ee3 b\u00e1nh, nh\u00e0 \u0111i\u1ec1u ch\u1ebf c\u00f4ng th\u1ee9c, [&hellip;]<\/p>\n","protected":false},"author":1,"featured_media":0,"parent":0,"menu_order":0,"comment_status":"closed","ping_status":"closed","template":"","meta":{"_acf_changed":false,"footnotes":""},"class_list":["post-32778","page","type-page","status-publish","hentry"],"acf":[],"_links":{"self":[{"href":"https:\/\/lesaffre.com.vn\/vi\/wp-json\/wp\/v2\/pages\/32778","targetHints":{"allow":["GET"]}}],"collection":[{"href":"https:\/\/lesaffre.com.vn\/vi\/wp-json\/wp\/v2\/pages"}],"about":[{"href":"https:\/\/lesaffre.com.vn\/vi\/wp-json\/wp\/v2\/types\/page"}],"author":[{"embeddable":true,"href":"https:\/\/lesaffre.com.vn\/vi\/wp-json\/wp\/v2\/users\/1"}],"replies":[{"embeddable":true,"href":"https:\/\/lesaffre.com.vn\/vi\/wp-json\/wp\/v2\/comments?post=32778"}],"version-history":[{"count":14,"href":"https:\/\/lesaffre.com.vn\/vi\/wp-json\/wp\/v2\/pages\/32778\/revisions"}],"predecessor-version":[{"id":34491,"href":"https:\/\/lesaffre.com.vn\/vi\/wp-json\/wp\/v2\/pages\/32778\/revisions\/34491"}],"wp:attachment":[{"href":"https:\/\/lesaffre.com.vn\/vi\/wp-json\/wp\/v2\/media?parent=32778"}],"curies":[{"name":"wp","href":"https:\/\/api.w.org\/{rel}","templated":true}]}}