{"id":32781,"date":"2025-02-05T04:23:03","date_gmt":"2025-02-05T04:23:03","guid":{"rendered":"https:\/\/lesaffre.com.vn\/baking-products\/yeast\/"},"modified":"2026-03-20T02:02:17","modified_gmt":"2026-03-20T02:02:17","slug":"yeast","status":"publish","type":"page","link":"https:\/\/lesaffre.com.vn\/vi\/baking-products\/yeast\/","title":{"rendered":"Men"},"content":{"rendered":"\t\t<div data-elementor-type=\"wp-page\" data-elementor-id=\"32781\" class=\"elementor elementor-32781 elementor-29323\" data-elementor-post-type=\"page\">\n\t\t\t\t<div class=\"has_ae_slider elementor-element elementor-element-ad670a8 e-flex e-con-boxed ae-bg-gallery-type-default e-con e-parent\" data-id=\"ad670a8\" data-element_type=\"container\" data-e-type=\"container\" data-settings=\"{&quot;background_background&quot;:&quot;classic&quot;}\">\n\t\t\t\t\t<div class=\"e-con-inner\">\n\t\t\t\t<div class=\"elementor-element elementor-element-0a68fcb elementor-widget elementor-widget-heading\" data-id=\"0a68fcb\" data-element_type=\"widget\" data-e-type=\"widget\" data-widget_type=\"heading.default\">\n\t\t\t\t<div class=\"elementor-widget-container\">\n\t\t\t\t\t<p class=\"elementor-heading-title elementor-size-default\">Chuy\u00ean m\u00f4n to\u00e0n c\u1ea7u c\u1ee7a Lesaffre trong ng\u00e0nh l\u00e0m b\u00e1nh hi\u1ec7n \u0111\u1ea1i<\/p>\t\t\t\t<\/div>\n\t\t\t\t<\/div>\n\t\t\t\t<div class=\"elementor-element elementor-element-ab9dc61 elementor-widget__width-initial elementor-widget elementor-widget-heading\" data-id=\"ab9dc61\" data-element_type=\"widget\" data-e-type=\"widget\" data-widget_type=\"heading.default\">\n\t\t\t\t<div class=\"elementor-widget-container\">\n\t\t\t\t\t<p class=\"elementor-heading-title elementor-size-default\">Men l\u00e0m b\u00e1nh<\/p>\t\t\t\t<\/div>\n\t\t\t\t<\/div>\n\t\t\t\t<div class=\"elementor-element elementor-element-cf972ed elementor-widget elementor-widget-heading\" data-id=\"cf972ed\" data-element_type=\"widget\" data-e-type=\"widget\" data-widget_type=\"heading.default\">\n\t\t\t\t<div class=\"elementor-widget-container\">\n\t\t\t\t\t<p class=\"elementor-heading-title elementor-size-default\"><a href=\"#explore-more\">Kh\u00e1m ph\u00e1 th\u00eam<\/a><\/p>\t\t\t\t<\/div>\n\t\t\t\t<\/div>\n\t\t\t\t\t<\/div>\n\t\t\t\t<\/div>\n\t\t<div class=\"has_ae_slider elementor-element elementor-element-0f19824 e-con-full e-flex ae-bg-gallery-type-default e-con e-parent\" data-id=\"0f19824\" data-element_type=\"container\" data-e-type=\"container\" id=\"explore-more\">\n\t\t\t\t<div class=\"elementor-element elementor-element-c97619c elementor-widget elementor-widget-image\" data-id=\"c97619c\" data-element_type=\"widget\" data-e-type=\"widget\" data-widget_type=\"image.default\">\n\t\t\t\t<div class=\"elementor-widget-container\">\n\t\t\t\t\t\t\t\t\t\t\t\t\t\t\t<img decoding=\"async\" width=\"2\" height=\"140\" src=\"https:\/\/lesaffre.com.vn\/wp-content\/uploads\/2024\/12\/img-dot-line.png\" class=\"attachment-large size-large wp-image-32744\" alt=\"\" \/>\t\t\t\t\t\t\t\t\t\t\t\t\t\t\t<\/div>\n\t\t\t\t<\/div>\n\t\t<div class=\"has_ae_slider elementor-element elementor-element-88d1009 e-con-full e-grid ae-bg-gallery-type-default e-con e-child\" data-id=\"88d1009\" data-element_type=\"container\" data-e-type=\"container\">\n\t\t<div class=\"has_ae_slider elementor-element elementor-element-a27815c e-con-full e-flex ae-bg-gallery-type-default e-con e-child\" data-id=\"a27815c\" data-element_type=\"container\" data-e-type=\"container\">\n\t\t\t\t<div class=\"elementor-element elementor-element-83a89f5 elementor-widget__width-initial elementor-widget elementor-widget-heading\" data-id=\"83a89f5\" data-element_type=\"widget\" data-e-type=\"widget\" data-widget_type=\"heading.default\">\n\t\t\t\t<div class=\"elementor-widget-container\">\n\t\t\t\t\t<h2 class=\"elementor-heading-title elementor-size-default\">Men B\u00e1nh m\u00ec<\/h2>\t\t\t\t<\/div>\n\t\t\t\t<\/div>\n\t\t\t\t<div class=\"elementor-element elementor-element-d07cede elementor-icon-list--layout-traditional elementor-list-item-link-full_width elementor-widget elementor-widget-icon-list\" data-id=\"d07cede\" data-element_type=\"widget\" data-e-type=\"widget\" data-widget_type=\"icon-list.default\">\n\t\t\t\t<div class=\"elementor-widget-container\">\n\t\t\t\t\t\t\t<ul class=\"elementor-icon-list-items\">\n\t\t\t\t\t\t\t<li class=\"elementor-icon-list-item\">\n\t\t\t\t\t\t\t\t\t\t\t<span class=\"elementor-icon-list-icon\">\n\t\t\t\t\t\t\t<svg xmlns=\"http:\/\/www.w3.org\/2000\/svg\" width=\"15\" height=\"16\" viewBox=\"0 0 15 16\" fill=\"none\"><path d=\"M13.816 0.79059C13.5515 0.643353 13.2608 0.549745 12.9602 0.515114C12.6597 0.480482 12.3553 0.505505 12.0644 0.588754C11.7735 0.672003 11.5018 0.811847 11.2649 1.0003C11.0279 1.18875 10.8304 1.42212 10.6835 1.68707L6.40735 9.39656L3.96007 6.9448C3.7476 6.7244 3.49344 6.54861 3.21242 6.42767C2.93141 6.30674 2.62917 6.24308 2.32334 6.24042C2.0175 6.23776 1.7142 6.29614 1.43113 6.41217C1.14806 6.52819 0.890892 6.69953 0.674627 6.9162C0.458362 7.13286 0.287333 7.3905 0.17152 7.67409C0.0557074 7.95767 -0.00257064 8.26153 8.69658e-05 8.56792C0.00274457 8.87432 0.0662846 9.17711 0.186999 9.45864C0.307714 9.74017 0.483186 9.9948 0.703176 10.2077L5.30982 14.8227C5.74515 15.26 6.33249 15.5 6.93826 15.5L7.25728 15.4769C7.61032 15.4274 7.94708 15.2966 8.24105 15.0945C8.53502 14.8925 8.77817 14.6249 8.95137 14.3128L14.7097 3.92884C14.8567 3.664 14.9502 3.37273 14.9848 3.07169C15.0195 2.77064 14.9946 2.4657 14.9116 2.17428C14.8286 1.88286 14.6892 1.61068 14.5012 1.37326C14.3132 1.13585 14.0804 0.937855 13.816 0.79059Z\" fill=\"#A17234\"><\/path><\/svg>\t\t\t\t\t\t<\/span>\n\t\t\t\t\t\t\t\t\t\t<span class=\"elementor-icon-list-text\">Men \u0111\u00f3ng vai tr\u00f2 thi\u1ebft y\u1ebfu trong qu\u00e1 tr\u00ecnh l\u00e0m b\u00e1nh m\u00ec, \u0111i\u1ec1u ti\u1ebft h\u01b0\u01a1ng th\u01a1m v\u00e0 ho\u1ea1t \u0111\u1ed9ng l\u00ean men c\u1ee7a b\u00e1nh.<\/span>\n\t\t\t\t\t\t\t\t\t<\/li>\n\t\t\t\t\t\t\t\t<li class=\"elementor-icon-list-item\">\n\t\t\t\t\t\t\t\t\t\t\t<span class=\"elementor-icon-list-icon\">\n\t\t\t\t\t\t\t<svg xmlns=\"http:\/\/www.w3.org\/2000\/svg\" width=\"15\" height=\"16\" viewBox=\"0 0 15 16\" fill=\"none\"><path d=\"M13.816 0.79059C13.5515 0.643353 13.2608 0.549745 12.9602 0.515114C12.6597 0.480482 12.3553 0.505505 12.0644 0.588754C11.7735 0.672003 11.5018 0.811847 11.2649 1.0003C11.0279 1.18875 10.8304 1.42212 10.6835 1.68707L6.40735 9.39656L3.96007 6.9448C3.7476 6.7244 3.49344 6.54861 3.21242 6.42767C2.93141 6.30674 2.62917 6.24308 2.32334 6.24042C2.0175 6.23776 1.7142 6.29614 1.43113 6.41217C1.14806 6.52819 0.890892 6.69953 0.674627 6.9162C0.458362 7.13286 0.287333 7.3905 0.17152 7.67409C0.0557074 7.95767 -0.00257064 8.26153 8.69658e-05 8.56792C0.00274457 8.87432 0.0662846 9.17711 0.186999 9.45864C0.307714 9.74017 0.483186 9.9948 0.703176 10.2077L5.30982 14.8227C5.74515 15.26 6.33249 15.5 6.93826 15.5L7.25728 15.4769C7.61032 15.4274 7.94708 15.2966 8.24105 15.0945C8.53502 14.8925 8.77817 14.6249 8.95137 14.3128L14.7097 3.92884C14.8567 3.664 14.9502 3.37273 14.9848 3.07169C15.0195 2.77064 14.9946 2.4657 14.9116 2.17428C14.8286 1.88286 14.6892 1.61068 14.5012 1.37326C14.3132 1.13585 14.0804 0.937855 13.816 0.79059Z\" fill=\"#A17234\"><\/path><\/svg>\t\t\t\t\t\t<\/span>\n\t\t\t\t\t\t\t\t\t\t<span class=\"elementor-icon-list-text\">Vi\u1ec7c l\u1ef1a ch\u1ecdn \u0111\u00fang lo\u1ea1i men ph\u00f9 h\u1ee3p v\u1edbi nhu c\u1ea7u l\u00e0m b\u00e1nh v\u00e0 s\u1ea3n xu\u1ea5t s\u1ebd gi\u00fap b\u1ea1n \u0111\u1ea1t \u0111\u01b0\u1ee3c k\u1ebft qu\u1ea3 mong mu\u1ed1n cho s\u1ea3n ph\u1ea9m cu\u1ed1i c\u00f9ng.<\/span>\n\t\t\t\t\t\t\t\t\t<\/li>\n\t\t\t\t\t\t<\/ul>\n\t\t\t\t\t\t<\/div>\n\t\t\t\t<\/div>\n\t\t\t\t<div class=\"elementor-element elementor-element-b230f5c elementor-widget elementor-widget-heading\" data-id=\"b230f5c\" data-element_type=\"widget\" data-e-type=\"widget\" data-widget_type=\"heading.default\">\n\t\t\t\t<div class=\"elementor-widget-container\">\n\t\t\t\t\t<p class=\"elementor-heading-title elementor-size-default\">T\u1ea1i Lesaffre, ch\u00fang t\u00f4i kh\u00f4ng s\u1ea3n xu\u1ea5t men, ch\u00fang t\u00f4i nu\u00f4i c\u1ea5y men.<\/p>\t\t\t\t<\/div>\n\t\t\t\t<\/div>\n\t\t\t\t<div class=\"elementor-element elementor-element-1c76e8a elementor-widget elementor-widget-heading\" data-id=\"1c76e8a\" data-element_type=\"widget\" data-e-type=\"widget\" data-widget_type=\"heading.default\">\n\t\t\t\t<div class=\"elementor-widget-container\">\n\t\t\t\t\t<p class=\"elementor-heading-title elementor-size-default\"><a href=\"\/vi\/insights\/choosing-the-right-yeast-for-baking\/\">T\u00ccM HI\u1ec2U TH\u00caM \u2192<\/a><\/p>\t\t\t\t<\/div>\n\t\t\t\t<\/div>\n\t\t\t\t<\/div>\n\t\t<div class=\"has_ae_slider elementor-element elementor-element-6326240 e-con-full e-flex ae-bg-gallery-type-default e-con e-child\" data-id=\"6326240\" data-element_type=\"container\" data-e-type=\"container\">\n\t\t\t\t<div class=\"elementor-element elementor-element-acf51c7 elementor-widget elementor-widget-image\" data-id=\"acf51c7\" data-element_type=\"widget\" data-e-type=\"widget\" data-widget_type=\"image.default\">\n\t\t\t\t<div class=\"elementor-widget-container\">\n\t\t\t\t\t\t\t\t\t\t\t\t\t\t\t<img fetchpriority=\"high\" decoding=\"async\" width=\"630\" height=\"382\" src=\"https:\/\/lesaffre.com.vn\/wp-content\/uploads\/2025\/02\/img-yeast-hero.png\" class=\"attachment-full size-full wp-image-32872\" alt=\"\" srcset=\"https:\/\/lesaffre.com.vn\/wp-content\/uploads\/2025\/02\/img-yeast-hero.png 630w, https:\/\/lesaffre.com.vn\/wp-content\/uploads\/2025\/02\/img-yeast-hero-300x182.png 300w\" sizes=\"(max-width: 630px) 100vw, 630px\" \/>\t\t\t\t\t\t\t\t\t\t\t\t\t\t\t<\/div>\n\t\t\t\t<\/div>\n\t\t\t\t<\/div>\n\t\t\t\t<\/div>\n\t\t\t\t<\/div>\n\t\t<div class=\"has_ae_slider elementor-element elementor-element-2c4ad6d e-flex e-con-boxed ae-bg-gallery-type-default e-con e-parent\" data-id=\"2c4ad6d\" data-element_type=\"container\" data-e-type=\"container\">\n\t\t\t\t\t<div class=\"e-con-inner\">\n\t\t\t\t<div class=\"elementor-element elementor-element-cc49b49 elementor-widget__width-initial elementor-widget elementor-widget-image-box\" data-id=\"cc49b49\" data-element_type=\"widget\" data-e-type=\"widget\" data-widget_type=\"image-box.default\">\n\t\t\t\t<div class=\"elementor-widget-container\">\n\t\t\t\t\t<div class=\"elementor-image-box-wrapper\"><div class=\"elementor-image-box-content\"><h2 class=\"elementor-image-box-title\">Kh\u00e1m ph\u00e1 d\u00f2ng men l\u00e0m b\u00e1nh cao c\u1ea5p c\u1ee7a ch\u00fang t\u00f4i<\/h2><p class=\"elementor-image-box-description\">T\u00ecm lo\u1ea1i men l\u00e0m b\u00e1nh ho\u00e0n h\u1ea3o ph\u00f9 h\u1ee3p v\u1edbi nhu c\u1ea7u c\u1ee7a b\u1ea1n.<\/p><\/div><\/div>\t\t\t\t<\/div>\n\t\t\t\t<\/div>\n\t\t<div class=\"has_ae_slider elementor-element elementor-element-c19da6e e-con-full e-flex ae-bg-gallery-type-default e-con e-child\" data-id=\"c19da6e\" data-element_type=\"container\" data-e-type=\"container\">\n\t\t\t\t<div class=\"elementor-element elementor-element-cc379ed elementor-widget elementor-widget-image\" data-id=\"cc379ed\" data-element_type=\"widget\" data-e-type=\"widget\" data-widget_type=\"image.default\">\n\t\t\t\t<div class=\"elementor-widget-container\">\n\t\t\t\t\t\t\t\t\t\t\t\t\t\t\t<img decoding=\"async\" width=\"400\" height=\"364\" src=\"https:\/\/lesaffre.com.vn\/wp-content\/uploads\/2025\/02\/img-yeast-thumbnail-3.png\" class=\"attachment-large size-large wp-image-32874\" alt=\"\" srcset=\"https:\/\/lesaffre.com.vn\/wp-content\/uploads\/2025\/02\/img-yeast-thumbnail-3.png 400w, https:\/\/lesaffre.com.vn\/wp-content\/uploads\/2025\/02\/img-yeast-thumbnail-3-300x273.png 300w\" sizes=\"(max-width: 400px) 100vw, 400px\" \/>\t\t\t\t\t\t\t\t\t\t\t\t\t\t\t<\/div>\n\t\t\t\t<\/div>\n\t\t\t\t<div class=\"elementor-element elementor-element-25ada25 elementor-widget elementor-widget-heading\" data-id=\"25ada25\" data-element_type=\"widget\" data-e-type=\"widget\" data-widget_type=\"heading.default\">\n\t\t\t\t<div class=\"elementor-widget-container\">\n\t\t\t\t\t<p class=\"elementor-heading-title elementor-size-default\"><a href=\"https:\/\/lesaffre.com.vn\/en\/baking-products\/yeast\/instant-dry-yeast\/\">Men kh\u00f4 \u2192<\/a><\/p>\t\t\t\t<\/div>\n\t\t\t\t<\/div>\n\t\t\t\t<\/div>\n\t\t\t\t\t<\/div>\n\t\t\t\t<\/div>\n\t\t<div class=\"has_ae_slider elementor-element elementor-element-f860788 e-flex e-con-boxed ae-bg-gallery-type-default e-con e-parent\" data-id=\"f860788\" data-element_type=\"container\" data-e-type=\"container\">\n\t\t\t\t\t<div class=\"e-con-inner\">\n\t\t\t\t<div class=\"elementor-element elementor-element-df2f909 elementor-widget elementor-widget-template\" data-id=\"df2f909\" data-element_type=\"widget\" data-e-type=\"widget\" data-widget_type=\"template.default\">\n\t\t\t\t<div class=\"elementor-widget-container\">\n\t\t\t\t\t\t\t<div class=\"elementor-template\">\n\t\t\t\t\t<div data-elementor-type=\"container\" data-elementor-id=\"33004\" class=\"elementor elementor-33004 elementor-711 elementor-711\" data-elementor-post-type=\"elementor_library\">\n\t\t\t\t<div class=\"has_ae_slider elementor-element elementor-element-747397ce e-flex e-con-boxed ae-bg-gallery-type-default e-con e-parent\" data-id=\"747397ce\" data-element_type=\"container\" data-e-type=\"container\">\n\t\t\t\t\t<div class=\"e-con-inner\">\n\t\t<div class=\"has_ae_slider elementor-element elementor-element-4327d6e e-con-full e-flex ae-bg-gallery-type-default e-con e-child\" data-id=\"4327d6e\" data-element_type=\"container\" data-e-type=\"container\">\n\t\t\t\t<div class=\"elementor-element elementor-element-2cc323a elementor-widget elementor-widget-heading\" data-id=\"2cc323a\" data-element_type=\"widget\" data-e-type=\"widget\" data-widget_type=\"heading.default\">\n\t\t\t\t<div class=\"elementor-widget-container\">\n\t\t\t\t\t<h2 class=\"elementor-heading-title elementor-size-default\">H\u00e3y b\u1eaft \u0111\u1ea7u m\u1ed9t cu\u1ed9c tr\u00f2 chuy\u1ec7n<\/h2>\t\t\t\t<\/div>\n\t\t\t\t<\/div>\n\t\t\t\t<div class=\"elementor-element elementor-element-d77ae8f elementor-widget__width-initial elementor-widget-mobile__width-inherit elementor-widget elementor-widget-text-editor\" data-id=\"d77ae8f\" data-element_type=\"widget\" data-e-type=\"widget\" data-widget_type=\"text-editor.default\">\n\t\t\t\t<div class=\"elementor-widget-container\">\n\t\t\t\t\t\t\t\t\tM\u1ecdi vi\u1ec7c l\u1edbn \u0111\u1ec1u b\u1eaft \u0111\u1ea7u t\u1eeb nh\u1eefng kh\u1edfi \u0111\u1ea7u nh\u1ecf. Ch\u00fang t\u00f4i r\u1ea5t mu\u1ed1n c\u00f3 c\u01a1 h\u1ed9i t\u00ecm hi\u1ec3u th\u00eam v\u1ec1 b\u1ea1n v\u00e0 doanh nghi\u1ec7p c\u1ee7a b\u1ea1n c\u0169ng nh\u01b0 chia s\u1ebb m\u1ed9t ch\u00fat v\u1ec1 ch\u00fang t\u00f4i.\t\t\t\t\t\t\t\t<\/div>\n\t\t\t\t<\/div>\n\t\t\t\t<\/div>\n\t\t\t\t<div class=\"elementor-element elementor-element-f2a18fc elementor-widget elementor-widget-heading\" data-id=\"f2a18fc\" data-element_type=\"widget\" data-e-type=\"widget\" data-widget_type=\"heading.default\">\n\t\t\t\t<div class=\"elementor-widget-container\">\n\t\t\t\t\t<p class=\"elementor-heading-title elementor-size-default\"><a href=\"https:\/\/lesaffre.com.vn\/en\/contact-us\/\">Li\u00ean h\u1ec7 v\u1edbi ch\u00fang t\u00f4i  \u2192<\/a><\/p>\t\t\t\t<\/div>\n\t\t\t\t<\/div>\n\t\t\t\t<div class=\"elementor-element elementor-element-795772eb elementor-widget elementor-widget-image\" data-id=\"795772eb\" data-element_type=\"widget\" data-e-type=\"widget\" data-widget_type=\"image.default\">\n\t\t\t\t<div class=\"elementor-widget-container\">\n\t\t\t\t\t\t\t\t\t\t\t\t\t\t\t<img loading=\"lazy\" decoding=\"async\" width=\"800\" height=\"250\" src=\"https:\/\/lesaffre.com.vn\/wp-content\/uploads\/2024\/12\/img-cta-banner-new-1024x320.png\" class=\"attachment-large size-large wp-image-33005\" alt=\"\" srcset=\"https:\/\/lesaffre.com.vn\/wp-content\/uploads\/2024\/12\/img-cta-banner-new-1024x320.png 1024w, https:\/\/lesaffre.com.vn\/wp-content\/uploads\/2024\/12\/img-cta-banner-new-300x94.png 300w, https:\/\/lesaffre.com.vn\/wp-content\/uploads\/2024\/12\/img-cta-banner-new-768x240.png 768w, https:\/\/lesaffre.com.vn\/wp-content\/uploads\/2024\/12\/img-cta-banner-new-1536x480.png 1536w, https:\/\/lesaffre.com.vn\/wp-content\/uploads\/2024\/12\/img-cta-banner-new-2048x640.png 2048w\" sizes=\"(max-width: 800px) 100vw, 800px\" \/>\t\t\t\t\t\t\t\t\t\t\t\t\t\t\t<\/div>\n\t\t\t\t<\/div>\n\t\t\t\t\t<\/div>\n\t\t\t\t<\/div>\n\t\t\t\t<\/div>\n\t\t\t\t<\/div>\n\t\t\t\t\t\t<\/div>\n\t\t\t\t<\/div>\n\t\t\t\t\t<\/div>\n\t\t\t\t<\/div>\n\t\t\t\t<\/div>\n\t\t","protected":false},"excerpt":{"rendered":"<p>Chuy\u00ean m\u00f4n to\u00e0n c\u1ea7u c\u1ee7a Lesaffre trong ng\u00e0nh l\u00e0m b\u00e1nh hi\u1ec7n \u0111\u1ea1i Men l\u00e0m b\u00e1nh Kh\u00e1m ph\u00e1 th\u00eam Men B\u00e1nh m\u00ec Men \u0111\u00f3ng vai tr\u00f2 thi\u1ebft y\u1ebfu trong qu\u00e1 tr\u00ecnh l\u00e0m b\u00e1nh m\u00ec, \u0111i\u1ec1u ti\u1ebft h\u01b0\u01a1ng th\u01a1m v\u00e0 ho\u1ea1t \u0111\u1ed9ng l\u00ean men c\u1ee7a b\u00e1nh. Vi\u1ec7c l\u1ef1a ch\u1ecdn \u0111\u00fang lo\u1ea1i men ph\u00f9 h\u1ee3p v\u1edbi nhu c\u1ea7u [&hellip;]<\/p>\n","protected":false},"author":1,"featured_media":0,"parent":32779,"menu_order":0,"comment_status":"closed","ping_status":"closed","template":"","meta":{"_acf_changed":false,"footnotes":""},"class_list":["post-32781","page","type-page","status-publish","hentry"],"acf":[],"_links":{"self":[{"href":"https:\/\/lesaffre.com.vn\/vi\/wp-json\/wp\/v2\/pages\/32781","targetHints":{"allow":["GET"]}}],"collection":[{"href":"https:\/\/lesaffre.com.vn\/vi\/wp-json\/wp\/v2\/pages"}],"about":[{"href":"https:\/\/lesaffre.com.vn\/vi\/wp-json\/wp\/v2\/types\/page"}],"author":[{"embeddable":true,"href":"https:\/\/lesaffre.com.vn\/vi\/wp-json\/wp\/v2\/users\/1"}],"replies":[{"embeddable":true,"href":"https:\/\/lesaffre.com.vn\/vi\/wp-json\/wp\/v2\/comments?post=32781"}],"version-history":[{"count":33,"href":"https:\/\/lesaffre.com.vn\/vi\/wp-json\/wp\/v2\/pages\/32781\/revisions"}],"predecessor-version":[{"id":34518,"href":"https:\/\/lesaffre.com.vn\/vi\/wp-json\/wp\/v2\/pages\/32781\/revisions\/34518"}],"up":[{"embeddable":true,"href":"https:\/\/lesaffre.com.vn\/vi\/wp-json\/wp\/v2\/pages\/32779"}],"wp:attachment":[{"href":"https:\/\/lesaffre.com.vn\/vi\/wp-json\/wp\/v2\/media?parent=32781"}],"curies":[{"name":"wp","href":"https:\/\/api.w.org\/{rel}","templated":true}]}}