{"id":32784,"date":"2025-02-05T05:37:29","date_gmt":"2025-02-05T05:37:29","guid":{"rendered":"https:\/\/lesaffre.com.vn\/baking-products\/ingredients\/"},"modified":"2026-03-20T02:03:33","modified_gmt":"2026-03-20T02:03:33","slug":"ingredients","status":"publish","type":"page","link":"https:\/\/lesaffre.com.vn\/vi\/baking-products\/ingredients\/","title":{"rendered":"Nguy\u00ean li\u1ec7u l\u00e0m b\u00e1nh"},"content":{"rendered":"\t\t<div data-elementor-type=\"wp-page\" data-elementor-id=\"32784\" class=\"elementor elementor-32784 elementor-29351\" data-elementor-post-type=\"page\">\n\t\t\t\t<div class=\"has_ae_slider elementor-element elementor-element-ad670a8 e-flex e-con-boxed ae-bg-gallery-type-default e-con e-parent\" data-id=\"ad670a8\" data-element_type=\"container\" data-e-type=\"container\" data-settings=\"{&quot;background_background&quot;:&quot;classic&quot;}\">\n\t\t\t\t\t<div class=\"e-con-inner\">\n\t\t\t\t<div class=\"elementor-element elementor-element-0a68fcb elementor-widget elementor-widget-heading\" data-id=\"0a68fcb\" data-element_type=\"widget\" data-e-type=\"widget\" data-widget_type=\"heading.default\">\n\t\t\t\t<div class=\"elementor-widget-container\">\n\t\t\t\t\t<p class=\"elementor-heading-title elementor-size-default\">\u0110\u1ea1t \u0111\u01b0\u1ee3c k\u1ebft qu\u1ea3 ho\u00e0n h\u1ea3o v\u1edbi c\u00e1c nguy\u00ean li\u1ec7u l\u00e0m b\u00e1nh thi\u1ebft y\u1ebfu c\u1ee7a Lesaffre<\/p>\t\t\t\t<\/div>\n\t\t\t\t<\/div>\n\t\t\t\t<div class=\"elementor-element elementor-element-ab9dc61 elementor-widget elementor-widget-heading\" data-id=\"ab9dc61\" data-element_type=\"widget\" data-e-type=\"widget\" data-widget_type=\"heading.default\">\n\t\t\t\t<div class=\"elementor-widget-container\">\n\t\t\t\t\t<p class=\"elementor-heading-title elementor-size-default\">Nguy\u00ean li\u1ec7u l\u00e0m b\u00e1nh<\/p>\t\t\t\t<\/div>\n\t\t\t\t<\/div>\n\t\t\t\t<div class=\"elementor-element elementor-element-cf972ed elementor-widget elementor-widget-heading\" data-id=\"cf972ed\" data-element_type=\"widget\" data-e-type=\"widget\" data-widget_type=\"heading.default\">\n\t\t\t\t<div class=\"elementor-widget-container\">\n\t\t\t\t\t<p class=\"elementor-heading-title elementor-size-default\"><a href=\"#explore-more\">Kh\u00e1m ph\u00e1 th\u00eam<\/a><\/p>\t\t\t\t<\/div>\n\t\t\t\t<\/div>\n\t\t\t\t\t<\/div>\n\t\t\t\t<\/div>\n\t\t<div class=\"has_ae_slider elementor-element elementor-element-0f19824 e-con-full e-flex ae-bg-gallery-type-default e-con e-parent\" data-id=\"0f19824\" data-element_type=\"container\" data-e-type=\"container\" id=\"explore-more\">\n\t\t\t\t<div class=\"elementor-element elementor-element-c97619c elementor-widget elementor-widget-image\" data-id=\"c97619c\" data-element_type=\"widget\" data-e-type=\"widget\" data-widget_type=\"image.default\">\n\t\t\t\t<div class=\"elementor-widget-container\">\n\t\t\t\t\t\t\t\t\t\t\t\t\t\t\t<img decoding=\"async\" width=\"2\" height=\"140\" src=\"https:\/\/lesaffre.com.vn\/wp-content\/uploads\/2024\/12\/img-dot-line.png\" class=\"attachment-large size-large wp-image-32744\" alt=\"\" \/>\t\t\t\t\t\t\t\t\t\t\t\t\t\t\t<\/div>\n\t\t\t\t<\/div>\n\t\t<div class=\"has_ae_slider elementor-element elementor-element-88d1009 e-con-full e-grid ae-bg-gallery-type-default e-con e-child\" data-id=\"88d1009\" data-element_type=\"container\" data-e-type=\"container\">\n\t\t<div class=\"has_ae_slider elementor-element elementor-element-a27815c e-con-full e-flex ae-bg-gallery-type-default e-con e-child\" data-id=\"a27815c\" data-element_type=\"container\" data-e-type=\"container\">\n\t\t\t\t<div class=\"elementor-element elementor-element-83a89f5 elementor-widget__width-initial elementor-widget elementor-widget-heading\" data-id=\"83a89f5\" data-element_type=\"widget\" data-e-type=\"widget\" data-widget_type=\"heading.default\">\n\t\t\t\t<div class=\"elementor-widget-container\">\n\t\t\t\t\t<h2 class=\"elementor-heading-title elementor-size-default\">NGUY\u00caN LI\u1ec6U L\u00c0M B\u00c1NH<\/h2>\t\t\t\t<\/div>\n\t\t\t\t<\/div>\n\t\t\t\t<div class=\"elementor-element elementor-element-d07cede elementor-icon-list--layout-traditional elementor-list-item-link-full_width elementor-widget elementor-widget-icon-list\" data-id=\"d07cede\" data-element_type=\"widget\" data-e-type=\"widget\" data-widget_type=\"icon-list.default\">\n\t\t\t\t<div class=\"elementor-widget-container\">\n\t\t\t\t\t\t\t<ul class=\"elementor-icon-list-items\">\n\t\t\t\t\t\t\t<li class=\"elementor-icon-list-item\">\n\t\t\t\t\t\t\t\t\t\t\t<span class=\"elementor-icon-list-icon\">\n\t\t\t\t\t\t\t<svg xmlns=\"http:\/\/www.w3.org\/2000\/svg\" width=\"15\" height=\"16\" viewBox=\"0 0 15 16\" fill=\"none\"><path d=\"M13.816 0.79059C13.5515 0.643353 13.2608 0.549745 12.9602 0.515114C12.6597 0.480482 12.3553 0.505505 12.0644 0.588754C11.7735 0.672003 11.5018 0.811847 11.2649 1.0003C11.0279 1.18875 10.8304 1.42212 10.6835 1.68707L6.40735 9.39656L3.96007 6.9448C3.7476 6.7244 3.49344 6.54861 3.21242 6.42767C2.93141 6.30674 2.62917 6.24308 2.32334 6.24042C2.0175 6.23776 1.7142 6.29614 1.43113 6.41217C1.14806 6.52819 0.890892 6.69953 0.674627 6.9162C0.458362 7.13286 0.287333 7.3905 0.17152 7.67409C0.0557074 7.95767 -0.00257064 8.26153 8.69658e-05 8.56792C0.00274457 8.87432 0.0662846 9.17711 0.186999 9.45864C0.307714 9.74017 0.483186 9.9948 0.703176 10.2077L5.30982 14.8227C5.74515 15.26 6.33249 15.5 6.93826 15.5L7.25728 15.4769C7.61032 15.4274 7.94708 15.2966 8.24105 15.0945C8.53502 14.8925 8.77817 14.6249 8.95137 14.3128L14.7097 3.92884C14.8567 3.664 14.9502 3.37273 14.9848 3.07169C15.0195 2.77064 14.9946 2.4657 14.9116 2.17428C14.8286 1.88286 14.6892 1.61068 14.5012 1.37326C14.3132 1.13585 14.0804 0.937855 13.816 0.79059Z\" fill=\"#A17234\"><\/path><\/svg>\t\t\t\t\t\t<\/span>\n\t\t\t\t\t\t\t\t\t\t<span class=\"elementor-icon-list-text\">Danh ti\u1ebfng c\u1ee7a Lesaffre \u0111\u01b0\u1ee3c x\u00e2y d\u1ef1ng d\u1ef1a tr\u00ean vi\u1ec7c ph\u00e1t tri\u1ec3n c\u00e1c gi\u1ea3i ph\u00e1p s\u00e1ng t\u1ea1o gi\u00fap c\u00f4ng vi\u1ec7c c\u1ee7a ng\u01b0\u1eddi l\u00e0m b\u00e1nh tr\u1edf n\u00ean d\u1ec5 d\u00e0ng h\u01a1n. Ch\u00fang t\u00f4i c\u00f3 l\u1ecbch s\u1eed l\u00e2u d\u00e0i trong vi\u1ec7c cung c\u1ea5p c\u00e1c s\u1ea3n ph\u1ea9m mang l\u1ea1i hi\u1ec7u su\u1ea5t ho\u00e0n h\u1ea3o, l\u00f4 b\u00e1nh sau l\u00f4 b\u00e1nh.<\/span>\n\t\t\t\t\t\t\t\t\t<\/li>\n\t\t\t\t\t\t\t\t<li class=\"elementor-icon-list-item\">\n\t\t\t\t\t\t\t\t\t\t\t<span class=\"elementor-icon-list-icon\">\n\t\t\t\t\t\t\t<svg xmlns=\"http:\/\/www.w3.org\/2000\/svg\" width=\"15\" height=\"16\" viewBox=\"0 0 15 16\" fill=\"none\"><path d=\"M13.816 0.79059C13.5515 0.643353 13.2608 0.549745 12.9602 0.515114C12.6597 0.480482 12.3553 0.505505 12.0644 0.588754C11.7735 0.672003 11.5018 0.811847 11.2649 1.0003C11.0279 1.18875 10.8304 1.42212 10.6835 1.68707L6.40735 9.39656L3.96007 6.9448C3.7476 6.7244 3.49344 6.54861 3.21242 6.42767C2.93141 6.30674 2.62917 6.24308 2.32334 6.24042C2.0175 6.23776 1.7142 6.29614 1.43113 6.41217C1.14806 6.52819 0.890892 6.69953 0.674627 6.9162C0.458362 7.13286 0.287333 7.3905 0.17152 7.67409C0.0557074 7.95767 -0.00257064 8.26153 8.69658e-05 8.56792C0.00274457 8.87432 0.0662846 9.17711 0.186999 9.45864C0.307714 9.74017 0.483186 9.9948 0.703176 10.2077L5.30982 14.8227C5.74515 15.26 6.33249 15.5 6.93826 15.5L7.25728 15.4769C7.61032 15.4274 7.94708 15.2966 8.24105 15.0945C8.53502 14.8925 8.77817 14.6249 8.95137 14.3128L14.7097 3.92884C14.8567 3.664 14.9502 3.37273 14.9848 3.07169C15.0195 2.77064 14.9946 2.4657 14.9116 2.17428C14.8286 1.88286 14.6892 1.61068 14.5012 1.37326C14.3132 1.13585 14.0804 0.937855 13.816 0.79059Z\" fill=\"#A17234\"><\/path><\/svg>\t\t\t\t\t\t<\/span>\n\t\t\t\t\t\t\t\t\t\t<span class=\"elementor-icon-list-text\">Ng\u01b0\u1eddi ti\u00eau d\u00f9ng lu\u00f4n t\u00ecm ki\u1ebfm nh\u1eefng h\u01b0\u01a1ng v\u1ecb m\u1edbi h\u1ea5p d\u1eabn, c\u00e1c l\u1ef1a ch\u1ecdn l\u00e0nh m\u1ea1nh h\u01a1n v\u00e0 nh\u1eefng s\u1ea3n ph\u1ea9m b\u00e1nh b\u1ea5t ng\u1edd. \u0110i\u1ec1u n\u00e0y khi\u1ebfn ng\u01b0\u1eddi l\u00e0m b\u00e1nh c\u00e0ng kh\u00f3 kh\u0103n h\u01a1n trong vi\u1ec7c \u0111i tr\u01b0\u1edbc xu h\u01b0\u1edbng.<\/span>\n\t\t\t\t\t\t\t\t\t<\/li>\n\t\t\t\t\t\t\t\t<li class=\"elementor-icon-list-item\">\n\t\t\t\t\t\t\t\t\t\t\t<span class=\"elementor-icon-list-icon\">\n\t\t\t\t\t\t\t<svg xmlns=\"http:\/\/www.w3.org\/2000\/svg\" width=\"15\" height=\"16\" viewBox=\"0 0 15 16\" fill=\"none\"><path d=\"M13.816 0.79059C13.5515 0.643353 13.2608 0.549745 12.9602 0.515114C12.6597 0.480482 12.3553 0.505505 12.0644 0.588754C11.7735 0.672003 11.5018 0.811847 11.2649 1.0003C11.0279 1.18875 10.8304 1.42212 10.6835 1.68707L6.40735 9.39656L3.96007 6.9448C3.7476 6.7244 3.49344 6.54861 3.21242 6.42767C2.93141 6.30674 2.62917 6.24308 2.32334 6.24042C2.0175 6.23776 1.7142 6.29614 1.43113 6.41217C1.14806 6.52819 0.890892 6.69953 0.674627 6.9162C0.458362 7.13286 0.287333 7.3905 0.17152 7.67409C0.0557074 7.95767 -0.00257064 8.26153 8.69658e-05 8.56792C0.00274457 8.87432 0.0662846 9.17711 0.186999 9.45864C0.307714 9.74017 0.483186 9.9948 0.703176 10.2077L5.30982 14.8227C5.74515 15.26 6.33249 15.5 6.93826 15.5L7.25728 15.4769C7.61032 15.4274 7.94708 15.2966 8.24105 15.0945C8.53502 14.8925 8.77817 14.6249 8.95137 14.3128L14.7097 3.92884C14.8567 3.664 14.9502 3.37273 14.9848 3.07169C15.0195 2.77064 14.9946 2.4657 14.9116 2.17428C14.8286 1.88286 14.6892 1.61068 14.5012 1.37326C14.3132 1.13585 14.0804 0.937855 13.816 0.79059Z\" fill=\"#A17234\"><\/path><\/svg>\t\t\t\t\t\t<\/span>\n\t\t\t\t\t\t\t\t\t\t<span class=\"elementor-icon-list-text\">T\u1eeb vi\u1ec7c k\u00e9o d\u00e0i th\u1eddi h\u1ea1n s\u1eed d\u1ee5ng \u0111\u1ebfn h\u1ed7 tr\u1ee3 ch\u1ea5t l\u01b0\u1ee3ng b\u00e1nh trong c\u1eeda h\u00e0ng, Lesaffre ti\u1ebfp t\u1ee5c m\u1edf r\u1ed9ng gi\u1edbi h\u1ea1n cho c\u00e1c th\u1ee3 l\u00e0m b\u00e1nh v\u00e0 chuy\u00ean gia d\u1ecbch v\u1ee5 \u1ea9m th\u1ef1c.<\/span>\n\t\t\t\t\t\t\t\t\t<\/li>\n\t\t\t\t\t\t<\/ul>\n\t\t\t\t\t\t<\/div>\n\t\t\t\t<\/div>\n\t\t\t\t<div class=\"elementor-element elementor-element-b230f5c elementor-widget elementor-widget-heading\" data-id=\"b230f5c\" data-element_type=\"widget\" data-e-type=\"widget\" data-widget_type=\"heading.default\">\n\t\t\t\t<div class=\"elementor-widget-container\">\n\t\t\t\t\t<p class=\"elementor-heading-title elementor-size-default\">Nguy\u00ean li\u1ec7u l\u00e0m b\u00e1nh l\u00e0 ch\u00eca kh\u00f3a cho th\u00e0nh c\u00f4ng trong n\u01b0\u1edbng b\u00e1nh. T\u00ecm hi\u1ec3u c\u00e1ch ch\u1ecdn nguy\u00ean li\u1ec7u ph\u00f9 h\u1ee3p v\u1edbi nhu c\u1ea7u c\u1ee7a b\u1ea1n.\n<\/p>\t\t\t\t<\/div>\n\t\t\t\t<\/div>\n\t\t\t\t<div class=\"elementor-element elementor-element-1c76e8a elementor-widget elementor-widget-heading\" data-id=\"1c76e8a\" data-element_type=\"widget\" data-e-type=\"widget\" data-widget_type=\"heading.default\">\n\t\t\t\t<div class=\"elementor-widget-container\">\n\t\t\t\t\t<p class=\"elementor-heading-title elementor-size-default\"><a href=\"https:\/\/lesaffre.com.vn\/en\/contact-us\/\">T\u00ccM HI\u1ec2U TH\u00caM \u2192<\/a><\/p>\t\t\t\t<\/div>\n\t\t\t\t<\/div>\n\t\t\t\t<\/div>\n\t\t<div class=\"has_ae_slider elementor-element elementor-element-6326240 e-con-full e-flex ae-bg-gallery-type-default e-con e-child\" data-id=\"6326240\" data-element_type=\"container\" data-e-type=\"container\" data-settings=\"{&quot;background_background&quot;:&quot;classic&quot;}\">\n\t\t\t\t<\/div>\n\t\t\t\t<\/div>\n\t\t\t\t<\/div>\n\t\t<div class=\"has_ae_slider elementor-element elementor-element-2c4ad6d e-flex e-con-boxed ae-bg-gallery-type-default e-con e-parent\" data-id=\"2c4ad6d\" data-element_type=\"container\" data-e-type=\"container\">\n\t\t\t\t\t<div class=\"e-con-inner\">\n\t\t\t\t<div class=\"elementor-element elementor-element-aa79755 elementor-widget__width-initial elementor-widget elementor-widget-image-box\" data-id=\"aa79755\" data-element_type=\"widget\" data-e-type=\"widget\" data-widget_type=\"image-box.default\">\n\t\t\t\t<div class=\"elementor-widget-container\">\n\t\t\t\t\t<div class=\"elementor-image-box-wrapper\"><div class=\"elementor-image-box-content\"><h2 class=\"elementor-image-box-title\">Kh\u00e1m ph\u00e1 d\u00f2ng nguy\u00ean li\u1ec7u l\u00e0m b\u00e1nh cao c\u1ea5p c\u1ee7a ch\u00fang t\u00f4i<\/h2><p class=\"elementor-image-box-description\">T\u00ecm nguy\u00ean li\u1ec7u l\u00e0m b\u00e1nh ho\u00e0n h\u1ea3o ph\u00f9 h\u1ee3p v\u1edbi nhu c\u1ea7u c\u1ee7a b\u1ea1n.<\/p><\/div><\/div>\t\t\t\t<\/div>\n\t\t\t\t<\/div>\n\t\t<div class=\"has_ae_slider elementor-element elementor-element-849a8b1 e-grid e-con-full ae-bg-gallery-type-default e-con e-child\" data-id=\"849a8b1\" data-element_type=\"container\" data-e-type=\"container\">\n\t\t<div class=\"has_ae_slider elementor-element elementor-element-c19da6e e-con-full e-flex ae-bg-gallery-type-default e-con e-child\" data-id=\"c19da6e\" data-element_type=\"container\" data-e-type=\"container\">\n\t\t\t\t<div class=\"elementor-element elementor-element-cc379ed elementor-widget elementor-widget-image\" data-id=\"cc379ed\" data-element_type=\"widget\" data-e-type=\"widget\" data-widget_type=\"image.default\">\n\t\t\t\t<div class=\"elementor-widget-container\">\n\t\t\t\t\t\t\t\t\t\t\t\t\t\t\t<img fetchpriority=\"high\" decoding=\"async\" width=\"400\" height=\"364\" src=\"https:\/\/lesaffre.com.vn\/wp-content\/uploads\/2025\/02\/img-ingredients-thumbnail-3.png\" class=\"attachment-large size-large wp-image-32888\" alt=\"\" srcset=\"https:\/\/lesaffre.com.vn\/wp-content\/uploads\/2025\/02\/img-ingredients-thumbnail-3.png 400w, https:\/\/lesaffre.com.vn\/wp-content\/uploads\/2025\/02\/img-ingredients-thumbnail-3-300x273.png 300w\" sizes=\"(max-width: 400px) 100vw, 400px\" \/>\t\t\t\t\t\t\t\t\t\t\t\t\t\t\t<\/div>\n\t\t\t\t<\/div>\n\t\t\t\t<div class=\"elementor-element elementor-element-25ada25 elementor-widget elementor-widget-heading\" data-id=\"25ada25\" data-element_type=\"widget\" data-e-type=\"widget\" data-widget_type=\"heading.default\">\n\t\t\t\t<div class=\"elementor-widget-container\">\n\t\t\t\t\t<p class=\"elementor-heading-title elementor-size-default\"><a href=\"https:\/\/lesaffre.com.vn\/en\/baking-products\/sourdough\/\">Sourdough \u2192<\/a><\/p>\t\t\t\t<\/div>\n\t\t\t\t<\/div>\n\t\t\t\t<\/div>\n\t\t<div class=\"has_ae_slider elementor-element elementor-element-17ca16c e-con-full e-flex ae-bg-gallery-type-default e-con e-child\" data-id=\"17ca16c\" data-element_type=\"container\" data-e-type=\"container\">\n\t\t\t\t<div class=\"elementor-element elementor-element-f3fad80 elementor-widget elementor-widget-image\" data-id=\"f3fad80\" data-element_type=\"widget\" data-e-type=\"widget\" data-widget_type=\"image.default\">\n\t\t\t\t<div class=\"elementor-widget-container\">\n\t\t\t\t\t\t\t\t\t\t\t\t\t\t\t<img decoding=\"async\" width=\"400\" height=\"364\" src=\"https:\/\/lesaffre.com.vn\/wp-content\/uploads\/2025\/02\/img-ingredients-thumbnail-2.png\" class=\"attachment-large size-large wp-image-32889\" alt=\"\" srcset=\"https:\/\/lesaffre.com.vn\/wp-content\/uploads\/2025\/02\/img-ingredients-thumbnail-2.png 400w, https:\/\/lesaffre.com.vn\/wp-content\/uploads\/2025\/02\/img-ingredients-thumbnail-2-300x273.png 300w\" sizes=\"(max-width: 400px) 100vw, 400px\" \/>\t\t\t\t\t\t\t\t\t\t\t\t\t\t\t<\/div>\n\t\t\t\t<\/div>\n\t\t\t\t<div class=\"elementor-element elementor-element-5e78eb7 elementor-widget elementor-widget-heading\" data-id=\"5e78eb7\" data-element_type=\"widget\" data-e-type=\"widget\" data-widget_type=\"heading.default\">\n\t\t\t\t<div class=\"elementor-widget-container\">\n\t\t\t\t\t<p class=\"elementor-heading-title elementor-size-default\"><a href=\"https:\/\/lesaffre.com.vn\/en\/baking-products\/ingredients\/blends-premixes\/\">H\u1ed7n h\u1ee3p &amp; B\u1ed9t tr\u1ed9n s\u1eb5n \u2192<\/a><\/p>\t\t\t\t<\/div>\n\t\t\t\t<\/div>\n\t\t\t\t<\/div>\n\t\t\t\t<\/div>\n\t\t\t\t\t<\/div>\n\t\t\t\t<\/div>\n\t\t<div class=\"has_ae_slider elementor-element elementor-element-f860788 e-flex e-con-boxed ae-bg-gallery-type-default e-con e-parent\" data-id=\"f860788\" data-element_type=\"container\" data-e-type=\"container\">\n\t\t\t\t\t<div class=\"e-con-inner\">\n\t\t\t\t<div class=\"elementor-element elementor-element-df2f909 elementor-widget elementor-widget-template\" data-id=\"df2f909\" data-element_type=\"widget\" data-e-type=\"widget\" data-widget_type=\"template.default\">\n\t\t\t\t<div class=\"elementor-widget-container\">\n\t\t\t\t\t\t\t<div class=\"elementor-template\">\n\t\t\t\t\t<div data-elementor-type=\"container\" data-elementor-id=\"33004\" class=\"elementor elementor-33004 elementor-711 elementor-711\" data-elementor-post-type=\"elementor_library\">\n\t\t\t\t<div class=\"has_ae_slider elementor-element elementor-element-747397ce e-flex e-con-boxed ae-bg-gallery-type-default e-con e-parent\" data-id=\"747397ce\" data-element_type=\"container\" data-e-type=\"container\">\n\t\t\t\t\t<div class=\"e-con-inner\">\n\t\t<div class=\"has_ae_slider elementor-element elementor-element-4327d6e e-con-full e-flex ae-bg-gallery-type-default e-con e-child\" data-id=\"4327d6e\" data-element_type=\"container\" data-e-type=\"container\">\n\t\t\t\t<div class=\"elementor-element elementor-element-2cc323a elementor-widget elementor-widget-heading\" data-id=\"2cc323a\" data-element_type=\"widget\" data-e-type=\"widget\" data-widget_type=\"heading.default\">\n\t\t\t\t<div class=\"elementor-widget-container\">\n\t\t\t\t\t<h2 class=\"elementor-heading-title elementor-size-default\">H\u00e3y b\u1eaft \u0111\u1ea7u m\u1ed9t cu\u1ed9c tr\u00f2 chuy\u1ec7n<\/h2>\t\t\t\t<\/div>\n\t\t\t\t<\/div>\n\t\t\t\t<div class=\"elementor-element elementor-element-d77ae8f elementor-widget__width-initial elementor-widget-mobile__width-inherit elementor-widget elementor-widget-text-editor\" data-id=\"d77ae8f\" data-element_type=\"widget\" data-e-type=\"widget\" data-widget_type=\"text-editor.default\">\n\t\t\t\t<div class=\"elementor-widget-container\">\n\t\t\t\t\t\t\t\t\tM\u1ecdi vi\u1ec7c l\u1edbn \u0111\u1ec1u b\u1eaft \u0111\u1ea7u t\u1eeb nh\u1eefng kh\u1edfi \u0111\u1ea7u nh\u1ecf. Ch\u00fang t\u00f4i r\u1ea5t mu\u1ed1n c\u00f3 c\u01a1 h\u1ed9i t\u00ecm hi\u1ec3u th\u00eam v\u1ec1 b\u1ea1n v\u00e0 doanh nghi\u1ec7p c\u1ee7a b\u1ea1n c\u0169ng nh\u01b0 chia s\u1ebb m\u1ed9t ch\u00fat v\u1ec1 ch\u00fang t\u00f4i.\t\t\t\t\t\t\t\t<\/div>\n\t\t\t\t<\/div>\n\t\t\t\t<\/div>\n\t\t\t\t<div class=\"elementor-element elementor-element-f2a18fc elementor-widget elementor-widget-heading\" data-id=\"f2a18fc\" data-element_type=\"widget\" data-e-type=\"widget\" data-widget_type=\"heading.default\">\n\t\t\t\t<div class=\"elementor-widget-container\">\n\t\t\t\t\t<p class=\"elementor-heading-title elementor-size-default\"><a href=\"https:\/\/lesaffre.com.vn\/en\/contact-us\/\">Li\u00ean h\u1ec7 v\u1edbi ch\u00fang t\u00f4i  \u2192<\/a><\/p>\t\t\t\t<\/div>\n\t\t\t\t<\/div>\n\t\t\t\t<div class=\"elementor-element elementor-element-795772eb elementor-widget elementor-widget-image\" data-id=\"795772eb\" data-element_type=\"widget\" data-e-type=\"widget\" data-widget_type=\"image.default\">\n\t\t\t\t<div class=\"elementor-widget-container\">\n\t\t\t\t\t\t\t\t\t\t\t\t\t\t\t<img loading=\"lazy\" decoding=\"async\" width=\"800\" height=\"250\" src=\"https:\/\/lesaffre.com.vn\/wp-content\/uploads\/2024\/12\/img-cta-banner-new-1024x320.png\" class=\"attachment-large size-large wp-image-33005\" alt=\"\" srcset=\"https:\/\/lesaffre.com.vn\/wp-content\/uploads\/2024\/12\/img-cta-banner-new-1024x320.png 1024w, https:\/\/lesaffre.com.vn\/wp-content\/uploads\/2024\/12\/img-cta-banner-new-300x94.png 300w, https:\/\/lesaffre.com.vn\/wp-content\/uploads\/2024\/12\/img-cta-banner-new-768x240.png 768w, https:\/\/lesaffre.com.vn\/wp-content\/uploads\/2024\/12\/img-cta-banner-new-1536x480.png 1536w, https:\/\/lesaffre.com.vn\/wp-content\/uploads\/2024\/12\/img-cta-banner-new-2048x640.png 2048w\" sizes=\"(max-width: 800px) 100vw, 800px\" \/>\t\t\t\t\t\t\t\t\t\t\t\t\t\t\t<\/div>\n\t\t\t\t<\/div>\n\t\t\t\t\t<\/div>\n\t\t\t\t<\/div>\n\t\t\t\t<\/div>\n\t\t\t\t<\/div>\n\t\t\t\t\t\t<\/div>\n\t\t\t\t<\/div>\n\t\t\t\t\t<\/div>\n\t\t\t\t<\/div>\n\t\t\t\t<\/div>\n\t\t","protected":false},"excerpt":{"rendered":"<p>\u0110\u1ea1t \u0111\u01b0\u1ee3c k\u1ebft qu\u1ea3 ho\u00e0n h\u1ea3o v\u1edbi c\u00e1c nguy\u00ean li\u1ec7u l\u00e0m b\u00e1nh thi\u1ebft y\u1ebfu c\u1ee7a Lesaffre Nguy\u00ean li\u1ec7u l\u00e0m b\u00e1nh Kh\u00e1m ph\u00e1 th\u00eam NGUY\u00caN LI\u1ec6U L\u00c0M B\u00c1NH Danh ti\u1ebfng c\u1ee7a Lesaffre \u0111\u01b0\u1ee3c x\u00e2y d\u1ef1ng d\u1ef1a tr\u00ean vi\u1ec7c ph\u00e1t tri\u1ec3n c\u00e1c gi\u1ea3i ph\u00e1p s\u00e1ng t\u1ea1o gi\u00fap c\u00f4ng vi\u1ec7c c\u1ee7a ng\u01b0\u1eddi l\u00e0m b\u00e1nh tr\u1edf n\u00ean d\u1ec5 d\u00e0ng [&hellip;]<\/p>\n","protected":false},"author":1,"featured_media":0,"parent":32779,"menu_order":0,"comment_status":"closed","ping_status":"closed","template":"","meta":{"_acf_changed":false,"footnotes":""},"class_list":["post-32784","page","type-page","status-publish","hentry"],"acf":[],"_links":{"self":[{"href":"https:\/\/lesaffre.com.vn\/vi\/wp-json\/wp\/v2\/pages\/32784","targetHints":{"allow":["GET"]}}],"collection":[{"href":"https:\/\/lesaffre.com.vn\/vi\/wp-json\/wp\/v2\/pages"}],"about":[{"href":"https:\/\/lesaffre.com.vn\/vi\/wp-json\/wp\/v2\/types\/page"}],"author":[{"embeddable":true,"href":"https:\/\/lesaffre.com.vn\/vi\/wp-json\/wp\/v2\/users\/1"}],"replies":[{"embeddable":true,"href":"https:\/\/lesaffre.com.vn\/vi\/wp-json\/wp\/v2\/comments?post=32784"}],"version-history":[{"count":23,"href":"https:\/\/lesaffre.com.vn\/vi\/wp-json\/wp\/v2\/pages\/32784\/revisions"}],"predecessor-version":[{"id":34476,"href":"https:\/\/lesaffre.com.vn\/vi\/wp-json\/wp\/v2\/pages\/32784\/revisions\/34476"}],"up":[{"embeddable":true,"href":"https:\/\/lesaffre.com.vn\/vi\/wp-json\/wp\/v2\/pages\/32779"}],"wp:attachment":[{"href":"https:\/\/lesaffre.com.vn\/vi\/wp-json\/wp\/v2\/media?parent=32784"}],"curies":[{"name":"wp","href":"https:\/\/api.w.org\/{rel}","templated":true}]}}