{"id":32786,"date":"2024-12-05T05:23:43","date_gmt":"2024-12-05T05:23:43","guid":{"rendered":"https:\/\/lesaffre.com.vn\/brand\/"},"modified":"2026-03-20T01:53:06","modified_gmt":"2026-03-20T01:53:06","slug":"brand","status":"publish","type":"page","link":"https:\/\/lesaffre.com.vn\/vi\/brand\/","title":{"rendered":"Nh\u00e3n hi\u1ec7u"},"content":{"rendered":"\t\t<div data-elementor-type=\"wp-page\" data-elementor-id=\"32786\" class=\"elementor elementor-32786 elementor-482\" data-elementor-post-type=\"page\">\n\t\t\t\t<div class=\"has_ae_slider elementor-element elementor-element-e7d2917 e-flex e-con-boxed ae-bg-gallery-type-default e-con e-parent\" data-id=\"e7d2917\" data-element_type=\"container\" data-e-type=\"container\" data-settings=\"{&quot;background_background&quot;:&quot;classic&quot;}\">\n\t\t\t\t\t<div class=\"e-con-inner\">\n\t\t\t\t<div class=\"elementor-element elementor-element-0c7c40c elementor-widget elementor-widget-heading\" data-id=\"0c7c40c\" data-element_type=\"widget\" data-e-type=\"widget\" data-widget_type=\"heading.default\">\n\t\t\t\t<div class=\"elementor-widget-container\">\n\t\t\t\t\t<p class=\"elementor-heading-title elementor-size-default\">Ch\u00fang t\u00f4i c\u00f3 th\u01b0\u01a1ng hi\u1ec7u ph\u00f9 h\u1ee3p v\u1edbi nhu c\u1ea7u c\u1ee7a b\u1ea1n<\/p>\t\t\t\t<\/div>\n\t\t\t\t<\/div>\n\t\t\t\t<div class=\"elementor-element elementor-element-cd518c4 elementor-widget elementor-widget-heading\" data-id=\"cd518c4\" data-element_type=\"widget\" data-e-type=\"widget\" data-widget_type=\"heading.default\">\n\t\t\t\t<div class=\"elementor-widget-container\">\n\t\t\t\t\t<p class=\"elementor-heading-title elementor-size-default\">Th\u01b0\u01a1ng hi\u1ec7u<\/p>\t\t\t\t<\/div>\n\t\t\t\t<\/div>\n\t\t\t\t<div class=\"elementor-element elementor-element-e97cc05 elementor-widget elementor-widget-heading\" data-id=\"e97cc05\" data-element_type=\"widget\" data-e-type=\"widget\" data-widget_type=\"heading.default\">\n\t\t\t\t<div class=\"elementor-widget-container\">\n\t\t\t\t\t<p class=\"elementor-heading-title elementor-size-default\"><a href=\"#explore-more\">Kh\u00e1m ph\u00e1 th\u00eam<\/a><\/p>\t\t\t\t<\/div>\n\t\t\t\t<\/div>\n\t\t\t\t\t<\/div>\n\t\t\t\t<\/div>\n\t\t<div class=\"has_ae_slider elementor-element elementor-element-3c1dcf6 e-flex e-con-boxed ae-bg-gallery-type-default e-con e-parent\" data-id=\"3c1dcf6\" data-element_type=\"container\" data-e-type=\"container\" id=\"explore-more\">\n\t\t\t\t\t<div class=\"e-con-inner\">\n\t\t\t\t<div class=\"elementor-element elementor-element-b191d15 elementor-widget elementor-widget-image\" data-id=\"b191d15\" data-element_type=\"widget\" data-e-type=\"widget\" data-widget_type=\"image.default\">\n\t\t\t\t<div class=\"elementor-widget-container\">\n\t\t\t\t\t\t\t\t\t\t\t\t\t\t\t<img decoding=\"async\" width=\"2\" height=\"140\" src=\"https:\/\/lesaffre.com.vn\/wp-content\/uploads\/2024\/12\/img-dot-line.png\" class=\"attachment-large size-large wp-image-32744\" alt=\"\" \/>\t\t\t\t\t\t\t\t\t\t\t\t\t\t\t<\/div>\n\t\t\t\t<\/div>\n\t\t<div class=\"has_ae_slider elementor-element elementor-element-4e5f557 e-con-full e-flex ae-bg-gallery-type-default e-con e-child\" data-id=\"4e5f557\" data-element_type=\"container\" data-e-type=\"container\">\n\t\t\t\t<div class=\"elementor-element elementor-element-6b228b6 elementor-widget elementor-widget-heading\" data-id=\"6b228b6\" data-element_type=\"widget\" data-e-type=\"widget\" data-widget_type=\"heading.default\">\n\t\t\t\t<div class=\"elementor-widget-container\">\n\t\t\t\t\t<h2 class=\"elementor-heading-title elementor-size-default\">Ch\u00fang t\u00f4i c\u00f3 th\u01b0\u01a1ng hi\u1ec7u ph\u00f9 h\u1ee3p v\u1edbi nhu c\u1ea7u c\u1ee7a b\u1ea1n<\/h2>\t\t\t\t<\/div>\n\t\t\t\t<\/div>\n\t\t\t\t<div class=\"elementor-element elementor-element-c867e73 elementor-widget elementor-widget-heading\" data-id=\"c867e73\" data-element_type=\"widget\" data-e-type=\"widget\" data-widget_type=\"heading.default\">\n\t\t\t\t<div class=\"elementor-widget-container\">\n\t\t\t\t\t<p class=\"elementor-heading-title elementor-size-default\">B\u1ea1n c\u00f3 th\u1ec3 ng\u1ea1c nhi\u00ean khi bi\u1ebft r\u1eb1ng b\u1ea1n \u0111\u00e3 t\u1eebng bi\u1ebft ho\u1eb7c s\u1eed d\u1ee5ng m\u1ed9t s\u1ed1 s\u1ea3n ph\u1ea9m c\u1ee7a Lesaffre.<\/p>\t\t\t\t<\/div>\n\t\t\t\t<\/div>\n\t\t\t\t<\/div>\n\t\t<div class=\"has_ae_slider elementor-element elementor-element-2e64db7 e-con-full e-grid ae-bg-gallery-type-default e-con e-child\" data-id=\"2e64db7\" data-element_type=\"container\" data-e-type=\"container\">\n\t\t<div class=\"has_ae_slider elementor-element elementor-element-8f0fc10 e-con-full e-flex ae-bg-gallery-type-default e-con e-child\" data-id=\"8f0fc10\" data-element_type=\"container\" data-e-type=\"container\" data-settings=\"{&quot;background_background&quot;:&quot;classic&quot;}\">\n\t\t\t\t<div class=\"elementor-element elementor-element-93c9b5b elementor-widget elementor-widget-image\" data-id=\"93c9b5b\" data-element_type=\"widget\" data-e-type=\"widget\" data-widget_type=\"image.default\">\n\t\t\t\t<div class=\"elementor-widget-container\">\n\t\t\t\t\t\t\t\t\t\t\t\t\t\t\t\t<a href=\"https:\/\/lesaffre.com.vn\/en\/bakers-bonus\/\">\n\t\t\t\t\t\t\t<img decoding=\"async\" width=\"200\" height=\"150\" src=\"https:\/\/lesaffre.com.vn\/wp-content\/uploads\/2025\/11\/logo-bakers-bonus.png\" class=\"attachment-full size-full wp-image-32911\" alt=\"\" \/>\t\t\t\t\t\t\t\t<\/a>\n\t\t\t\t\t\t\t\t\t\t\t\t\t\t\t<\/div>\n\t\t\t\t<\/div>\n\t\t<div class=\"has_ae_slider elementor-element elementor-element-f028f1d e-con-full elementor-hidden-desktop elementor-hidden-laptop elementor-hidden-tablet elementor-hidden-mobile_extra elementor-hidden-mobile e-flex ae-bg-gallery-type-default e-con e-child\" data-id=\"f028f1d\" data-element_type=\"container\" data-e-type=\"container\" data-settings=\"{&quot;background_background&quot;:&quot;classic&quot;}\">\n\t\t\t\t<div class=\"elementor-element elementor-element-e64b750 elementor-widget elementor-widget-heading\" data-id=\"e64b750\" data-element_type=\"widget\" data-e-type=\"widget\" data-widget_type=\"heading.default\">\n\t\t\t\t<div class=\"elementor-widget-container\">\n\t\t\t\t\t<p class=\"elementor-heading-title elementor-size-default\">L'Hirondelle<\/p>\t\t\t\t<\/div>\n\t\t\t\t<\/div>\n\t\t\t\t<\/div>\n\t\t\t\t<\/div>\n\t\t<div class=\"has_ae_slider elementor-element elementor-element-15ee59d e-con-full e-flex ae-bg-gallery-type-default e-con e-child\" data-id=\"15ee59d\" data-element_type=\"container\" data-e-type=\"container\" data-settings=\"{&quot;background_background&quot;:&quot;classic&quot;}\">\n\t\t\t\t<div class=\"elementor-element elementor-element-67193c0 elementor-widget elementor-widget-image\" data-id=\"67193c0\" data-element_type=\"widget\" data-e-type=\"widget\" data-widget_type=\"image.default\">\n\t\t\t\t<div class=\"elementor-widget-container\">\n\t\t\t\t\t\t\t\t\t\t\t\t\t\t\t\t<a href=\"https:\/\/lesaffre.com.vn\/en\/brand\/five-stars\/\">\n\t\t\t\t\t\t\t<img fetchpriority=\"high\" decoding=\"async\" width=\"538\" height=\"302\" src=\"https:\/\/lesaffre.com.vn\/wp-content\/uploads\/2025\/02\/lgo-five-star-red.png\" class=\"attachment-full size-full wp-image-32985\" alt=\"\" srcset=\"https:\/\/lesaffre.com.vn\/wp-content\/uploads\/2025\/02\/lgo-five-star-red.png 538w, https:\/\/lesaffre.com.vn\/wp-content\/uploads\/2025\/02\/lgo-five-star-red-300x168.png 300w\" sizes=\"(max-width: 538px) 100vw, 538px\" \/>\t\t\t\t\t\t\t\t<\/a>\n\t\t\t\t\t\t\t\t\t\t\t\t\t\t\t<\/div>\n\t\t\t\t<\/div>\n\t\t<div class=\"has_ae_slider elementor-element elementor-element-513f0c4 e-con-full elementor-hidden-desktop elementor-hidden-laptop elementor-hidden-tablet elementor-hidden-mobile_extra elementor-hidden-mobile e-flex ae-bg-gallery-type-default e-con e-child\" data-id=\"513f0c4\" data-element_type=\"container\" data-e-type=\"container\" data-settings=\"{&quot;background_background&quot;:&quot;classic&quot;}\">\n\t\t\t\t<div class=\"elementor-element elementor-element-0504506 elementor-widget elementor-widget-heading\" data-id=\"0504506\" data-element_type=\"widget\" data-e-type=\"widget\" data-widget_type=\"heading.default\">\n\t\t\t\t<div class=\"elementor-widget-container\">\n\t\t\t\t\t<p class=\"elementor-heading-title elementor-size-default\">five stars<\/p>\t\t\t\t<\/div>\n\t\t\t\t<\/div>\n\t\t\t\t<\/div>\n\t\t\t\t<\/div>\n\t\t<div class=\"has_ae_slider elementor-element elementor-element-5bee150 e-con-full e-flex ae-bg-gallery-type-default e-con e-child\" data-id=\"5bee150\" data-element_type=\"container\" data-e-type=\"container\" data-settings=\"{&quot;background_background&quot;:&quot;classic&quot;}\">\n\t\t\t\t<div class=\"elementor-element elementor-element-3cc3874 elementor-widget elementor-widget-image\" data-id=\"3cc3874\" data-element_type=\"widget\" data-e-type=\"widget\" data-widget_type=\"image.default\">\n\t\t\t\t<div class=\"elementor-widget-container\">\n\t\t\t\t\t\t\t\t\t\t\t\t\t\t\t\t<a href=\"https:\/\/lesaffre.com.vn\/en\/brand\/ibis\/\">\n\t\t\t\t\t\t\t<img loading=\"lazy\" decoding=\"async\" width=\"485\" height=\"323\" src=\"https:\/\/lesaffre.com.vn\/wp-content\/uploads\/2025\/02\/logo-ibis.png\" class=\"attachment-full size-full wp-image-32988\" alt=\"\" srcset=\"https:\/\/lesaffre.com.vn\/wp-content\/uploads\/2025\/02\/logo-ibis.png 485w, https:\/\/lesaffre.com.vn\/wp-content\/uploads\/2025\/02\/logo-ibis-300x200.png 300w\" sizes=\"(max-width: 485px) 100vw, 485px\" \/>\t\t\t\t\t\t\t\t<\/a>\n\t\t\t\t\t\t\t\t\t\t\t\t\t\t\t<\/div>\n\t\t\t\t<\/div>\n\t\t<div class=\"has_ae_slider elementor-element elementor-element-161fa0e e-con-full elementor-hidden-desktop elementor-hidden-laptop elementor-hidden-tablet elementor-hidden-mobile_extra elementor-hidden-mobile e-flex ae-bg-gallery-type-default e-con e-child\" data-id=\"161fa0e\" data-element_type=\"container\" data-e-type=\"container\" data-settings=\"{&quot;background_background&quot;:&quot;classic&quot;}\">\n\t\t\t\t<div class=\"elementor-element elementor-element-66f8ee9 elementor-widget elementor-widget-heading\" data-id=\"66f8ee9\" data-element_type=\"widget\" data-e-type=\"widget\" data-widget_type=\"heading.default\">\n\t\t\t\t<div class=\"elementor-widget-container\">\n\t\t\t\t\t<p class=\"elementor-heading-title elementor-size-default\">ibis\u00ae<\/p>\t\t\t\t<\/div>\n\t\t\t\t<\/div>\n\t\t\t\t<\/div>\n\t\t\t\t<\/div>\n\t\t<div class=\"has_ae_slider elementor-element elementor-element-85fb554 e-con-full e-flex ae-bg-gallery-type-default e-con e-child\" data-id=\"85fb554\" data-element_type=\"container\" data-e-type=\"container\" data-settings=\"{&quot;background_background&quot;:&quot;classic&quot;}\">\n\t\t\t\t<div class=\"elementor-element elementor-element-dd4b89f elementor-widget elementor-widget-image\" data-id=\"dd4b89f\" data-element_type=\"widget\" data-e-type=\"widget\" data-widget_type=\"image.default\">\n\t\t\t\t<div class=\"elementor-widget-container\">\n\t\t\t\t\t\t\t\t\t\t\t\t\t\t\t\t<a href=\"https:\/\/lesaffre.com.vn\/en\/instant-success\/\">\n\t\t\t\t\t\t\t<img loading=\"lazy\" decoding=\"async\" width=\"200\" height=\"150\" src=\"https:\/\/lesaffre.com.vn\/wp-content\/uploads\/2025\/11\/logo-instant-success.png\" class=\"attachment-full size-full wp-image-32912\" alt=\"\" \/>\t\t\t\t\t\t\t\t<\/a>\n\t\t\t\t\t\t\t\t\t\t\t\t\t\t\t<\/div>\n\t\t\t\t<\/div>\n\t\t<div class=\"has_ae_slider elementor-element elementor-element-c7cb593 e-con-full elementor-hidden-desktop elementor-hidden-laptop elementor-hidden-tablet elementor-hidden-mobile_extra elementor-hidden-mobile e-flex ae-bg-gallery-type-default e-con e-child\" data-id=\"c7cb593\" data-element_type=\"container\" data-e-type=\"container\" data-settings=\"{&quot;background_background&quot;:&quot;classic&quot;}\">\n\t\t\t\t<div class=\"elementor-element elementor-element-c8b617a elementor-widget elementor-widget-heading\" data-id=\"c8b617a\" data-element_type=\"widget\" data-e-type=\"widget\" data-widget_type=\"heading.default\">\n\t\t\t\t<div class=\"elementor-widget-container\">\n\t\t\t\t\t<p class=\"elementor-heading-title elementor-size-default\">inventis\u00ae\n<\/p>\t\t\t\t<\/div>\n\t\t\t\t<\/div>\n\t\t\t\t<\/div>\n\t\t\t\t<\/div>\n\t\t<div class=\"has_ae_slider elementor-element elementor-element-48373b3 e-con-full e-flex ae-bg-gallery-type-default e-con e-child\" data-id=\"48373b3\" data-element_type=\"container\" data-e-type=\"container\" data-settings=\"{&quot;background_background&quot;:&quot;classic&quot;}\">\n\t\t\t\t<div class=\"elementor-element elementor-element-2a832aa elementor-widget elementor-widget-image\" data-id=\"2a832aa\" data-element_type=\"widget\" data-e-type=\"widget\" data-widget_type=\"image.default\">\n\t\t\t\t<div class=\"elementor-widget-container\">\n\t\t\t\t\t\t\t\t\t\t\t\t\t\t\t\t<a href=\"https:\/\/lesaffre.com.vn\/en\/brand\/livendo\/\">\n\t\t\t\t\t\t\t<img loading=\"lazy\" decoding=\"async\" width=\"549\" height=\"324\" src=\"https:\/\/lesaffre.com.vn\/wp-content\/uploads\/2025\/02\/logo-livendo.png\" class=\"attachment-full size-full wp-image-32993\" alt=\"\" srcset=\"https:\/\/lesaffre.com.vn\/wp-content\/uploads\/2025\/02\/logo-livendo.png 549w, https:\/\/lesaffre.com.vn\/wp-content\/uploads\/2025\/02\/logo-livendo-300x177.png 300w\" sizes=\"(max-width: 549px) 100vw, 549px\" \/>\t\t\t\t\t\t\t\t<\/a>\n\t\t\t\t\t\t\t\t\t\t\t\t\t\t\t<\/div>\n\t\t\t\t<\/div>\n\t\t<div class=\"has_ae_slider elementor-element elementor-element-c86b3f5 e-con-full elementor-hidden-desktop elementor-hidden-laptop elementor-hidden-tablet elementor-hidden-mobile_extra elementor-hidden-mobile e-flex ae-bg-gallery-type-default e-con e-child\" data-id=\"c86b3f5\" data-element_type=\"container\" data-e-type=\"container\" data-settings=\"{&quot;background_background&quot;:&quot;classic&quot;}\">\n\t\t\t\t<div class=\"elementor-element elementor-element-b331c0a elementor-widget elementor-widget-heading\" data-id=\"b331c0a\" data-element_type=\"widget\" data-e-type=\"widget\" data-widget_type=\"heading.default\">\n\t\t\t\t<div class=\"elementor-widget-container\">\n\t\t\t\t\t<p class=\"elementor-heading-title elementor-size-default\">livendo\u00ae<\/p>\t\t\t\t<\/div>\n\t\t\t\t<\/div>\n\t\t\t\t<\/div>\n\t\t\t\t<\/div>\n\t\t<div class=\"has_ae_slider elementor-element elementor-element-0088685 e-con-full e-flex ae-bg-gallery-type-default e-con e-child\" data-id=\"0088685\" data-element_type=\"container\" data-e-type=\"container\" data-settings=\"{&quot;background_background&quot;:&quot;classic&quot;}\">\n\t\t\t\t<div class=\"elementor-element elementor-element-5b59793 elementor-widget elementor-widget-image\" data-id=\"5b59793\" data-element_type=\"widget\" data-e-type=\"widget\" data-widget_type=\"image.default\">\n\t\t\t\t<div class=\"elementor-widget-container\">\n\t\t\t\t\t\t\t\t\t\t\t\t\t\t\t\t<a href=\"https:\/\/lesaffre.com.vn\/en\/brand\/magimix\/\">\n\t\t\t\t\t\t\t<img loading=\"lazy\" decoding=\"async\" width=\"600\" height=\"375\" src=\"https:\/\/lesaffre.com.vn\/wp-content\/uploads\/2025\/03\/image-magimix-no-text.png\" class=\"attachment-full size-full wp-image-32996\" alt=\"\" srcset=\"https:\/\/lesaffre.com.vn\/wp-content\/uploads\/2025\/03\/image-magimix-no-text.png 600w, https:\/\/lesaffre.com.vn\/wp-content\/uploads\/2025\/03\/image-magimix-no-text-300x188.png 300w\" sizes=\"(max-width: 600px) 100vw, 600px\" \/>\t\t\t\t\t\t\t\t<\/a>\n\t\t\t\t\t\t\t\t\t\t\t\t\t\t\t<\/div>\n\t\t\t\t<\/div>\n\t\t<div class=\"has_ae_slider elementor-element elementor-element-1587f69 e-con-full elementor-hidden-desktop elementor-hidden-laptop elementor-hidden-tablet elementor-hidden-mobile_extra elementor-hidden-mobile e-flex ae-bg-gallery-type-default e-con e-child\" data-id=\"1587f69\" data-element_type=\"container\" data-e-type=\"container\" data-settings=\"{&quot;background_background&quot;:&quot;classic&quot;}\">\n\t\t\t\t<div class=\"elementor-element elementor-element-65bed05 elementor-widget elementor-widget-heading\" data-id=\"65bed05\" data-element_type=\"widget\" data-e-type=\"widget\" data-widget_type=\"heading.default\">\n\t\t\t\t<div class=\"elementor-widget-container\">\n\t\t\t\t\t<p class=\"elementor-heading-title elementor-size-default\">magimix<\/p>\t\t\t\t<\/div>\n\t\t\t\t<\/div>\n\t\t\t\t<\/div>\n\t\t\t\t<\/div>\n\t\t<div class=\"has_ae_slider elementor-element elementor-element-0fd8098 e-con-full e-flex ae-bg-gallery-type-default e-con e-child\" data-id=\"0fd8098\" data-element_type=\"container\" data-e-type=\"container\" data-settings=\"{&quot;background_background&quot;:&quot;classic&quot;}\">\n\t\t\t\t<div class=\"elementor-element elementor-element-565fb04 elementor-widget elementor-widget-image\" data-id=\"565fb04\" data-element_type=\"widget\" data-e-type=\"widget\" data-widget_type=\"image.default\">\n\t\t\t\t<div class=\"elementor-widget-container\">\n\t\t\t\t\t\t\t\t\t\t\t\t\t\t\t\t<a href=\"https:\/\/lesaffre.com.vn\/en\/red-star\/\">\n\t\t\t\t\t\t\t<img loading=\"lazy\" decoding=\"async\" width=\"200\" height=\"135\" src=\"https:\/\/lesaffre.com.vn\/wp-content\/uploads\/2025\/11\/logo-red-star.png\" class=\"attachment-full size-full wp-image-32913\" alt=\"\" \/>\t\t\t\t\t\t\t\t<\/a>\n\t\t\t\t\t\t\t\t\t\t\t\t\t\t\t<\/div>\n\t\t\t\t<\/div>\n\t\t<div class=\"has_ae_slider elementor-element elementor-element-025f8ab e-con-full elementor-hidden-desktop elementor-hidden-laptop elementor-hidden-tablet elementor-hidden-mobile_extra elementor-hidden-mobile e-flex ae-bg-gallery-type-default e-con e-child\" data-id=\"025f8ab\" data-element_type=\"container\" data-e-type=\"container\" data-settings=\"{&quot;background_background&quot;:&quot;classic&quot;}\">\n\t\t\t\t<div class=\"elementor-element elementor-element-c5245d2 elementor-widget elementor-widget-heading\" data-id=\"c5245d2\" data-element_type=\"widget\" data-e-type=\"widget\" data-widget_type=\"heading.default\">\n\t\t\t\t<div class=\"elementor-widget-container\">\n\t\t\t\t\t<p class=\"elementor-heading-title elementor-size-default\">STAR'BAKE<\/p>\t\t\t\t<\/div>\n\t\t\t\t<\/div>\n\t\t\t\t<\/div>\n\t\t\t\t<\/div>\n\t\t<div class=\"has_ae_slider elementor-element elementor-element-a630cae e-con-full e-flex ae-bg-gallery-type-default e-con e-child\" data-id=\"a630cae\" data-element_type=\"container\" data-e-type=\"container\" data-settings=\"{&quot;background_background&quot;:&quot;classic&quot;}\">\n\t\t\t\t<div class=\"elementor-element elementor-element-df381e5 elementor-widget elementor-widget-image\" data-id=\"df381e5\" data-element_type=\"widget\" data-e-type=\"widget\" data-widget_type=\"image.default\">\n\t\t\t\t<div class=\"elementor-widget-container\">\n\t\t\t\t\t\t\t\t\t\t\t\t\t\t\t\t<a href=\"https:\/\/lesaffre.com.vn\/en\/brand\/saf-instant\/\">\n\t\t\t\t\t\t\t<img loading=\"lazy\" decoding=\"async\" width=\"485\" height=\"324\" src=\"https:\/\/lesaffre.com.vn\/wp-content\/uploads\/2025\/02\/logo-saf-instant.png\" class=\"attachment-full size-full wp-image-32986\" alt=\"\" srcset=\"https:\/\/lesaffre.com.vn\/wp-content\/uploads\/2025\/02\/logo-saf-instant.png 485w, https:\/\/lesaffre.com.vn\/wp-content\/uploads\/2025\/02\/logo-saf-instant-300x200.png 300w\" sizes=\"(max-width: 485px) 100vw, 485px\" \/>\t\t\t\t\t\t\t\t<\/a>\n\t\t\t\t\t\t\t\t\t\t\t\t\t\t\t<\/div>\n\t\t\t\t<\/div>\n\t\t<div class=\"has_ae_slider elementor-element elementor-element-770840d e-con-full elementor-hidden-desktop elementor-hidden-laptop elementor-hidden-tablet elementor-hidden-mobile_extra elementor-hidden-mobile e-flex ae-bg-gallery-type-default e-con e-child\" data-id=\"770840d\" data-element_type=\"container\" data-e-type=\"container\" data-settings=\"{&quot;background_background&quot;:&quot;classic&quot;}\">\n\t\t\t\t<div class=\"elementor-element elementor-element-97ce3d6 elementor-widget elementor-widget-heading\" data-id=\"97ce3d6\" data-element_type=\"widget\" data-e-type=\"widget\" data-widget_type=\"heading.default\">\n\t\t\t\t<div class=\"elementor-widget-container\">\n\t\t\t\t\t<p class=\"elementor-heading-title elementor-size-default\">Saf-instant\u00ae\n<\/p>\t\t\t\t<\/div>\n\t\t\t\t<\/div>\n\t\t\t\t<\/div>\n\t\t\t\t<\/div>\n\t\t\t\t<\/div>\n\t\t\t\t\t<\/div>\n\t\t\t\t<\/div>\n\t\t<div class=\"has_ae_slider elementor-element elementor-element-14570b7 e-con-full e-flex ae-bg-gallery-type-default e-con e-parent\" data-id=\"14570b7\" data-element_type=\"container\" data-e-type=\"container\">\n\t\t\t\t<div class=\"elementor-element elementor-element-611927d elementor-widget elementor-widget-template\" data-id=\"611927d\" data-element_type=\"widget\" data-e-type=\"widget\" data-widget_type=\"template.default\">\n\t\t\t\t<div class=\"elementor-widget-container\">\n\t\t\t\t\t\t\t<div class=\"elementor-template\">\n\t\t\t\t\t<div data-elementor-type=\"container\" data-elementor-id=\"33004\" class=\"elementor elementor-33004 elementor-711 elementor-711\" data-elementor-post-type=\"elementor_library\">\n\t\t\t\t<div class=\"has_ae_slider elementor-element elementor-element-747397ce e-flex e-con-boxed ae-bg-gallery-type-default e-con e-parent\" data-id=\"747397ce\" data-element_type=\"container\" data-e-type=\"container\">\n\t\t\t\t\t<div class=\"e-con-inner\">\n\t\t<div class=\"has_ae_slider elementor-element elementor-element-4327d6e e-con-full e-flex ae-bg-gallery-type-default e-con e-child\" data-id=\"4327d6e\" data-element_type=\"container\" data-e-type=\"container\">\n\t\t\t\t<div class=\"elementor-element elementor-element-2cc323a elementor-widget elementor-widget-heading\" data-id=\"2cc323a\" data-element_type=\"widget\" data-e-type=\"widget\" data-widget_type=\"heading.default\">\n\t\t\t\t<div class=\"elementor-widget-container\">\n\t\t\t\t\t<h2 class=\"elementor-heading-title elementor-size-default\">H\u00e3y b\u1eaft \u0111\u1ea7u m\u1ed9t cu\u1ed9c tr\u00f2 chuy\u1ec7n<\/h2>\t\t\t\t<\/div>\n\t\t\t\t<\/div>\n\t\t\t\t<div class=\"elementor-element elementor-element-d77ae8f elementor-widget__width-initial elementor-widget-mobile__width-inherit elementor-widget elementor-widget-text-editor\" data-id=\"d77ae8f\" data-element_type=\"widget\" data-e-type=\"widget\" data-widget_type=\"text-editor.default\">\n\t\t\t\t<div class=\"elementor-widget-container\">\n\t\t\t\t\t\t\t\t\tM\u1ecdi vi\u1ec7c l\u1edbn \u0111\u1ec1u b\u1eaft \u0111\u1ea7u t\u1eeb nh\u1eefng kh\u1edfi \u0111\u1ea7u nh\u1ecf. Ch\u00fang t\u00f4i r\u1ea5t mu\u1ed1n c\u00f3 c\u01a1 h\u1ed9i t\u00ecm hi\u1ec3u th\u00eam v\u1ec1 b\u1ea1n v\u00e0 doanh nghi\u1ec7p c\u1ee7a b\u1ea1n c\u0169ng nh\u01b0 chia s\u1ebb m\u1ed9t ch\u00fat v\u1ec1 ch\u00fang t\u00f4i.\t\t\t\t\t\t\t\t<\/div>\n\t\t\t\t<\/div>\n\t\t\t\t<\/div>\n\t\t\t\t<div class=\"elementor-element elementor-element-f2a18fc elementor-widget elementor-widget-heading\" data-id=\"f2a18fc\" data-element_type=\"widget\" data-e-type=\"widget\" data-widget_type=\"heading.default\">\n\t\t\t\t<div class=\"elementor-widget-container\">\n\t\t\t\t\t<p class=\"elementor-heading-title elementor-size-default\"><a href=\"https:\/\/lesaffre.com.vn\/en\/contact-us\/\">Li\u00ean h\u1ec7 v\u1edbi ch\u00fang t\u00f4i  \u2192<\/a><\/p>\t\t\t\t<\/div>\n\t\t\t\t<\/div>\n\t\t\t\t<div class=\"elementor-element elementor-element-795772eb elementor-widget elementor-widget-image\" data-id=\"795772eb\" data-element_type=\"widget\" data-e-type=\"widget\" data-widget_type=\"image.default\">\n\t\t\t\t<div class=\"elementor-widget-container\">\n\t\t\t\t\t\t\t\t\t\t\t\t\t\t\t<img loading=\"lazy\" decoding=\"async\" width=\"800\" height=\"250\" src=\"https:\/\/lesaffre.com.vn\/wp-content\/uploads\/2024\/12\/img-cta-banner-new-1024x320.png\" class=\"attachment-large size-large wp-image-33005\" alt=\"\" srcset=\"https:\/\/lesaffre.com.vn\/wp-content\/uploads\/2024\/12\/img-cta-banner-new-1024x320.png 1024w, https:\/\/lesaffre.com.vn\/wp-content\/uploads\/2024\/12\/img-cta-banner-new-300x94.png 300w, https:\/\/lesaffre.com.vn\/wp-content\/uploads\/2024\/12\/img-cta-banner-new-768x240.png 768w, https:\/\/lesaffre.com.vn\/wp-content\/uploads\/2024\/12\/img-cta-banner-new-1536x480.png 1536w, https:\/\/lesaffre.com.vn\/wp-content\/uploads\/2024\/12\/img-cta-banner-new-2048x640.png 2048w\" sizes=\"(max-width: 800px) 100vw, 800px\" \/>\t\t\t\t\t\t\t\t\t\t\t\t\t\t\t<\/div>\n\t\t\t\t<\/div>\n\t\t\t\t\t<\/div>\n\t\t\t\t<\/div>\n\t\t\t\t<\/div>\n\t\t\t\t<\/div>\n\t\t\t\t\t\t<\/div>\n\t\t\t\t<\/div>\n\t\t\t\t<\/div>\n\t\t\t\t<\/div>\n\t\t","protected":false},"excerpt":{"rendered":"<p>Ch\u00fang t\u00f4i c\u00f3 th\u01b0\u01a1ng hi\u1ec7u ph\u00f9 h\u1ee3p v\u1edbi nhu c\u1ea7u c\u1ee7a b\u1ea1n Th\u01b0\u01a1ng hi\u1ec7u Kh\u00e1m ph\u00e1 th\u00eam Ch\u00fang t\u00f4i c\u00f3 th\u01b0\u01a1ng hi\u1ec7u ph\u00f9 h\u1ee3p v\u1edbi nhu c\u1ea7u c\u1ee7a b\u1ea1n B\u1ea1n c\u00f3 th\u1ec3 ng\u1ea1c nhi\u00ean khi bi\u1ebft r\u1eb1ng b\u1ea1n \u0111\u00e3 t\u1eebng bi\u1ebft ho\u1eb7c s\u1eed d\u1ee5ng m\u1ed9t s\u1ed1 s\u1ea3n ph\u1ea9m c\u1ee7a Lesaffre. L&#8217;Hirondelle five stars ibis\u00ae inventis\u00ae [&hellip;]<\/p>\n","protected":false},"author":1,"featured_media":0,"parent":0,"menu_order":0,"comment_status":"closed","ping_status":"closed","template":"","meta":{"_acf_changed":false,"footnotes":""},"class_list":["post-32786","page","type-page","status-publish","hentry"],"acf":[],"_links":{"self":[{"href":"https:\/\/lesaffre.com.vn\/vi\/wp-json\/wp\/v2\/pages\/32786","targetHints":{"allow":["GET"]}}],"collection":[{"href":"https:\/\/lesaffre.com.vn\/vi\/wp-json\/wp\/v2\/pages"}],"about":[{"href":"https:\/\/lesaffre.com.vn\/vi\/wp-json\/wp\/v2\/types\/page"}],"author":[{"embeddable":true,"href":"https:\/\/lesaffre.com.vn\/vi\/wp-json\/wp\/v2\/users\/1"}],"replies":[{"embeddable":true,"href":"https:\/\/lesaffre.com.vn\/vi\/wp-json\/wp\/v2\/comments?post=32786"}],"version-history":[{"count":8,"href":"https:\/\/lesaffre.com.vn\/vi\/wp-json\/wp\/v2\/pages\/32786\/revisions"}],"predecessor-version":[{"id":34430,"href":"https:\/\/lesaffre.com.vn\/vi\/wp-json\/wp\/v2\/pages\/32786\/revisions\/34430"}],"wp:attachment":[{"href":"https:\/\/lesaffre.com.vn\/vi\/wp-json\/wp\/v2\/media?parent=32786"}],"curies":[{"name":"wp","href":"https:\/\/api.w.org\/{rel}","templated":true}]}}